{"id":31357,"date":"2021-02-04T15:03:55","date_gmt":"2021-02-04T14:03:55","guid":{"rendered":"https:\/\/www.collaborativeperks.com\/?page_id=31357"},"modified":"2021-02-05T09:17:56","modified_gmt":"2021-02-05T08:17:56","slug":"empleo","status":"publish","type":"page","link":"https:\/\/www.collaborativeperks.com\/es\/empleo\/","title":{"rendered":"Empleo"},"content":{"rendered":"\t\t<div data-elementor-type=\"wp-post\" data-elementor-id=\"31357\" class=\"elementor elementor-31357 elementor-1434\">\n\t\t\t\t\t\t<section class=\"elementor-section elementor-top-section elementor-element elementor-element-85a37ff elementor-section-boxed elementor-section-height-default elementor-section-height-default\" data-id=\"85a37ff\" data-element_type=\"section\" data-e-type=\"section\">\n\t\t\t\t\t\t<div class=\"elementor-container elementor-column-gap-extended\">\n\t\t\t\t\t<div class=\"elementor-column elementor-col-50 elementor-top-column elementor-element elementor-element-dd3d8f6\" data-id=\"dd3d8f6\" data-element_type=\"column\" data-e-type=\"column\">\n\t\t\t<div class=\"elementor-widget-wrap elementor-element-populated\">\n\t\t\t\t\t\t<div class=\"elementor-element elementor-element-306b525 elementor-widget elementor-widget-heading\" data-id=\"306b525\" data-element_type=\"widget\" data-e-type=\"widget\" data-widget_type=\"heading.default\">\n\t\t\t\t<div class=\"elementor-widget-container\">\n\t\t\t\t\t<h2 class=\"elementor-heading-title elementor-size-default\">\u00a1Forma parte de<br>Collaborative Perks!<\/h2>\t\t\t\t<\/div>\n\t\t\t\t<\/div>\n\t\t\t\t<div class=\"elementor-element elementor-element-bd57dc9 elementor-widget elementor-widget-text-editor\" data-id=\"bd57dc9\" data-element_type=\"widget\" data-e-type=\"widget\" data-widget_type=\"text-editor.default\">\n\t\t\t\t<div class=\"elementor-widget-container\">\n\t\t\t\t\t\t\t\t\t<p><span data-sheets-value=\"{\" data-sheets-userformat=\"{\">\u00a1Estamos constantemente buscando nuevos talentos! \u00bfEst\u00e1s preparado para trabajar en un equipo din\u00e1mico? \u00bfTe manejas bien bajo responsabilidad? \u00bfEst\u00e1s listo para esforzarte hasta la perfecci\u00f3n? Si tu respuesta a todas estas preguntas es S\u00ed, s\u00ed y s\u00ed, te invitamos a aplicar y formar parte de Collaborative Perks.<\/span><\/p><p><span data-sheets-value=\"{\" data-sheets-userformat=\"{\">Formar parte de Collaborative Perks significa trabajar en un ambiente din\u00e1mico y activo. Nuestro equipo es internacional, joven y ambicioso, listo para nuevas aventuras, profesionales constantemente innovando la manera en la que los empleados conectan a nivel global!<\/span><\/p>\t\t\t\t\t\t\t\t<\/div>\n\t\t\t\t<\/div>\n\t\t\t\t\t<\/div>\n\t\t<\/div>\n\t\t\t\t<div class=\"elementor-column elementor-col-50 elementor-top-column elementor-element elementor-element-c583b73\" data-id=\"c583b73\" data-element_type=\"column\" data-e-type=\"column\">\n\t\t\t<div class=\"elementor-widget-wrap\">\n\t\t\t\t\t\t\t<\/div>\n\t\t<\/div>\n\t\t\t\t\t<\/div>\n\t\t<\/section>\n\t\t\t\t<section class=\"elementor-section elementor-top-section elementor-element elementor-element-f331b1c elementor-section-boxed elementor-section-height-default elementor-section-height-default\" data-id=\"f331b1c\" data-element_type=\"section\" data-e-type=\"section\">\n\t\t\t\t\t\t<div class=\"elementor-container elementor-column-gap-default\">\n\t\t\t\t\t<div class=\"elementor-column elementor-col-100 elementor-top-column elementor-element elementor-element-fea1349\" data-id=\"fea1349\" data-element_type=\"column\" data-e-type=\"column\">\n\t\t\t<div class=\"elementor-widget-wrap elementor-element-populated\">\n\t\t\t\t\t\t<div class=\"elementor-element elementor-element-fdb2fbe elementor-widget elementor-widget-saasland_jobs\" data-id=\"fdb2fbe\" data-element_type=\"widget\" data-e-type=\"widget\" data-widget_type=\"saasland_jobs.default\">\n\t\t\t\t<div class=\"elementor-widget-container\">\n\t\t\t\t\t\r\n        <div class=\"job_listing\">\r\n                            <h3 class=\"f_p f_size_24 l_height28 f_500 t_color3 mb-30\"> Vacantes abiertas <\/h3>\r\n                        <div id=\"job_filter\" class=\"job_list_tab\">\r\n                <div data-filter=\"*\" class=\"list_item_tab active\"> Todas <\/div>\r\n                            <\/div>\r\n            <div class=\"listing_tab\" id=\"tab_filter\">\r\n                            <\/div>\r\n\r\n            \r\n        <\/div>\r\n        \t\t\t\t<\/div>\n\t\t\t\t<\/div>\n\t\t\t\t\t<\/div>\n\t\t<\/div>\n\t\t\t\t\t<\/div>\n\t\t<\/section>\n\t\t\t\t<\/div>\n\t\t","protected":false},"excerpt":{"rendered":"<p>\u00a1Forma parte deCollaborative Perks! \u00a1Estamos constantemente buscando nuevos talentos! \u00bfEst\u00e1s preparado para trabajar en un equipo din\u00e1mico? \u00bfTe manejas bien bajo responsabilidad? \u00bfEst\u00e1s listo para esforzarte hasta la perfecci\u00f3n? Si tu respuesta a todas estas preguntas es S\u00ed, s\u00ed y s\u00ed, te invitamos a aplicar y formar parte de Collaborative Perks. Formar parte de Collaborative&#8230;<\/p>\n","protected":false},"author":7,"featured_media":0,"parent":0,"menu_order":0,"comment_status":"closed","ping_status":"closed","template":"elementor_header_footer","meta":{"footnotes":""},"class_list":["post-31357","page","type-page","status-publish","hentry","no-post-thumbnail"],"acf":[],"yoast_head":"<!-- This site is optimized with the Yoast SEO plugin v27.4 - https:\/\/yoast.com\/product\/yoast-seo-wordpress\/ -->\n<title>Empleo - Collaborative Perks<\/title>\n<meta name=\"robots\" content=\"index, follow, max-snippet:-1, max-image-preview:large, max-video-preview:-1\" \/>\n<link rel=\"canonical\" href=\"https:\/\/www.collaborativeperks.com\/es\/empleo\/\" \/>\n<meta property=\"og:locale\" content=\"es_ES\" \/>\n<meta property=\"og:type\" content=\"article\" \/>\n<meta property=\"og:title\" content=\"Empleo - Collaborative Perks\" \/>\n<meta property=\"og:description\" content=\"\u00a1Forma parte deCollaborative Perks! \u00a1Estamos constantemente buscando nuevos talentos! \u00bfEst\u00e1s preparado para trabajar en un equipo din\u00e1mico? \u00bfTe manejas bien bajo responsabilidad? \u00bfEst\u00e1s listo para esforzarte hasta la perfecci\u00f3n? Si tu respuesta a todas estas preguntas es S\u00ed, s\u00ed y s\u00ed, te invitamos a aplicar y formar parte de Collaborative Perks. Formar parte de Collaborative...\" \/>\n<meta property=\"og:url\" content=\"https:\/\/www.collaborativeperks.com\/es\/empleo\/\" \/>\n<meta property=\"og:site_name\" content=\"Collaborative Perks\" \/>\n<meta property=\"article:publisher\" content=\"https:\/\/facebook.com\/collabperks\" \/>\n<meta property=\"article:modified_time\" content=\"2021-02-05T08:17:56+00:00\" \/>\n<meta name=\"twitter:card\" content=\"summary_large_image\" \/>\n<meta name=\"twitter:site\" content=\"@CollabPerks\" \/>\n<meta name=\"twitter:label1\" content=\"Tiempo de lectura\" \/>\n\t<meta name=\"twitter:data1\" content=\"1 minute\" \/>\n<script type=\"application\/ld+json\" class=\"yoast-schema-graph\">{\"@context\":\"https:\\\/\\\/schema.org\",\"@graph\":[{\"@type\":\"WebPage\",\"@id\":\"https:\\\/\\\/www.collaborativeperks.com\\\/es\\\/empleo\\\/\",\"url\":\"https:\\\/\\\/www.collaborativeperks.com\\\/es\\\/empleo\\\/\",\"name\":\"Empleo - Collaborative Perks\",\"isPartOf\":{\"@id\":\"https:\\\/\\\/www.collaborativeperks.com\\\/#website\"},\"datePublished\":\"2021-02-04T14:03:55+00:00\",\"dateModified\":\"2021-02-05T08:17:56+00:00\",\"breadcrumb\":{\"@id\":\"https:\\\/\\\/www.collaborativeperks.com\\\/es\\\/empleo\\\/#breadcrumb\"},\"inLanguage\":\"es-ES\",\"potentialAction\":[{\"@type\":\"ReadAction\",\"target\":[\"https:\\\/\\\/www.collaborativeperks.com\\\/es\\\/empleo\\\/\"]}]},{\"@type\":\"BreadcrumbList\",\"@id\":\"https:\\\/\\\/www.collaborativeperks.com\\\/es\\\/empleo\\\/#breadcrumb\",\"itemListElement\":[{\"@type\":\"ListItem\",\"position\":1,\"name\":\"Home\",\"item\":\"https:\\\/\\\/www.collaborativeperks.com\\\/es\\\/\"},{\"@type\":\"ListItem\",\"position\":2,\"name\":\"Empleo\"}]},{\"@type\":\"WebSite\",\"@id\":\"https:\\\/\\\/www.collaborativeperks.com\\\/#website\",\"url\":\"https:\\\/\\\/www.collaborativeperks.com\\\/\",\"name\":\"Collaborative Perks\",\"description\":\"Innovative employee benefits\",\"publisher\":{\"@id\":\"https:\\\/\\\/www.collaborativeperks.com\\\/#organization\"},\"potentialAction\":[{\"@type\":\"SearchAction\",\"target\":{\"@type\":\"EntryPoint\",\"urlTemplate\":\"https:\\\/\\\/www.collaborativeperks.com\\\/?s={search_term_string}\"},\"query-input\":{\"@type\":\"PropertyValueSpecification\",\"valueRequired\":true,\"valueName\":\"search_term_string\"}}],\"inLanguage\":\"es-ES\"},{\"@type\":\"Organization\",\"@id\":\"https:\\\/\\\/www.collaborativeperks.com\\\/#organization\",\"name\":\"Collaborative Perks\",\"url\":\"https:\\\/\\\/www.collaborativeperks.com\\\/\",\"logo\":{\"@type\":\"ImageObject\",\"inLanguage\":\"es-ES\",\"@id\":\"https:\\\/\\\/www.collaborativeperks.com\\\/#\\\/schema\\\/logo\\\/image\\\/\",\"url\":\"\",\"contentUrl\":\"\",\"caption\":\"Collaborative Perks\"},\"image\":{\"@id\":\"https:\\\/\\\/www.collaborativeperks.com\\\/#\\\/schema\\\/logo\\\/image\\\/\"},\"sameAs\":[\"https:\\\/\\\/facebook.com\\\/collabperks\",\"https:\\\/\\\/x.com\\\/CollabPerks\",\"https:\\\/\\\/www.instagram.com\\\/collaborativeperks\\\/\",\"https:\\\/\\\/www.linkedin.com\\\/company\\\/collaborativeperks\\\/\"]}]}<\/script>\n<!-- \/ Yoast SEO plugin. -->","yoast_head_json":{"title":"Empleo - Collaborative Perks","robots":{"index":"index","follow":"follow","max-snippet":"max-snippet:-1","max-image-preview":"max-image-preview:large","max-video-preview":"max-video-preview:-1"},"canonical":"https:\/\/www.collaborativeperks.com\/es\/empleo\/","og_locale":"es_ES","og_type":"article","og_title":"Empleo - Collaborative Perks","og_description":"\u00a1Forma parte deCollaborative Perks! \u00a1Estamos constantemente buscando nuevos talentos! \u00bfEst\u00e1s preparado para trabajar en un equipo din\u00e1mico? \u00bfTe manejas bien bajo responsabilidad? \u00bfEst\u00e1s listo para esforzarte hasta la perfecci\u00f3n? Si tu respuesta a todas estas preguntas es S\u00ed, s\u00ed y s\u00ed, te invitamos a aplicar y formar parte de Collaborative Perks. Formar parte de Collaborative...","og_url":"https:\/\/www.collaborativeperks.com\/es\/empleo\/","og_site_name":"Collaborative Perks","article_publisher":"https:\/\/facebook.com\/collabperks","article_modified_time":"2021-02-05T08:17:56+00:00","twitter_card":"summary_large_image","twitter_site":"@CollabPerks","twitter_misc":{"Tiempo de lectura":"1 minute"},"schema":{"@context":"https:\/\/schema.org","@graph":[{"@type":"WebPage","@id":"https:\/\/www.collaborativeperks.com\/es\/empleo\/","url":"https:\/\/www.collaborativeperks.com\/es\/empleo\/","name":"Empleo - Collaborative Perks","isPartOf":{"@id":"https:\/\/www.collaborativeperks.com\/#website"},"datePublished":"2021-02-04T14:03:55+00:00","dateModified":"2021-02-05T08:17:56+00:00","breadcrumb":{"@id":"https:\/\/www.collaborativeperks.com\/es\/empleo\/#breadcrumb"},"inLanguage":"es-ES","potentialAction":[{"@type":"ReadAction","target":["https:\/\/www.collaborativeperks.com\/es\/empleo\/"]}]},{"@type":"BreadcrumbList","@id":"https:\/\/www.collaborativeperks.com\/es\/empleo\/#breadcrumb","itemListElement":[{"@type":"ListItem","position":1,"name":"Home","item":"https:\/\/www.collaborativeperks.com\/es\/"},{"@type":"ListItem","position":2,"name":"Empleo"}]},{"@type":"WebSite","@id":"https:\/\/www.collaborativeperks.com\/#website","url":"https:\/\/www.collaborativeperks.com\/","name":"Collaborative Perks","description":"Innovative employee benefits","publisher":{"@id":"https:\/\/www.collaborativeperks.com\/#organization"},"potentialAction":[{"@type":"SearchAction","target":{"@type":"EntryPoint","urlTemplate":"https:\/\/www.collaborativeperks.com\/?s={search_term_string}"},"query-input":{"@type":"PropertyValueSpecification","valueRequired":true,"valueName":"search_term_string"}}],"inLanguage":"es-ES"},{"@type":"Organization","@id":"https:\/\/www.collaborativeperks.com\/#organization","name":"Collaborative Perks","url":"https:\/\/www.collaborativeperks.com\/","logo":{"@type":"ImageObject","inLanguage":"es-ES","@id":"https:\/\/www.collaborativeperks.com\/#\/schema\/logo\/image\/","url":"","contentUrl":"","caption":"Collaborative Perks"},"image":{"@id":"https:\/\/www.collaborativeperks.com\/#\/schema\/logo\/image\/"},"sameAs":["https:\/\/facebook.com\/collabperks","https:\/\/x.com\/CollabPerks","https:\/\/www.instagram.com\/collaborativeperks\/","https:\/\/www.linkedin.com\/company\/collaborativeperks\/"]}]}},"_links":{"self":[{"href":"https:\/\/www.collaborativeperks.com\/es\/wp-json\/wp\/v2\/pages\/31357","targetHints":{"allow":["GET"]}}],"collection":[{"href":"https:\/\/www.collaborativeperks.com\/es\/wp-json\/wp\/v2\/pages"}],"about":[{"href":"https:\/\/www.collaborativeperks.com\/es\/wp-json\/wp\/v2\/types\/page"}],"author":[{"embeddable":true,"href":"https:\/\/www.collaborativeperks.com\/es\/wp-json\/wp\/v2\/users\/7"}],"replies":[{"embeddable":true,"href":"https:\/\/www.collaborativeperks.com\/es\/wp-json\/wp\/v2\/comments?post=31357"}],"version-history":[{"count":0,"href":"https:\/\/www.collaborativeperks.com\/es\/wp-json\/wp\/v2\/pages\/31357\/revisions"}],"wp:attachment":[{"href":"https:\/\/www.collaborativeperks.com\/es\/wp-json\/wp\/v2\/media?parent=31357"}],"curies":[{"name":"wp","href":"https:\/\/api.w.org\/{rel}","templated":true}]}}