{"id":31012,"date":"2021-01-29T15:10:54","date_gmt":"2021-01-29T14:10:54","guid":{"rendered":"https:\/\/www.collaborativeperks.com\/?page_id=31012"},"modified":"2021-02-03T09:48:32","modified_gmt":"2021-02-03T08:48:32","slug":"demo","status":"publish","type":"page","link":"https:\/\/www.collaborativeperks.com\/fr\/demo\/","title":{"rendered":"Demo"},"content":{"rendered":"\t\t<div data-elementor-type=\"wp-page\" data-elementor-id=\"31012\" class=\"elementor elementor-31012 elementor-30809\">\n\t\t\t\t\t\t<section class=\"elementor-section elementor-top-section elementor-element elementor-element-a627d49 elementor-section-boxed elementor-section-height-default elementor-section-height-default\" data-id=\"a627d49\" data-element_type=\"section\" data-e-type=\"section\">\n\t\t\t\t\t\t<div class=\"elementor-container elementor-column-gap-default\">\n\t\t\t\t\t<div class=\"elementor-column elementor-col-100 elementor-top-column elementor-element elementor-element-a1aae26\" data-id=\"a1aae26\" data-element_type=\"column\" data-e-type=\"column\">\n\t\t\t<div class=\"elementor-widget-wrap elementor-element-populated\">\n\t\t\t\t\t\t<div class=\"elementor-element elementor-element-4082fce elementor-widget elementor-widget-heading\" data-id=\"4082fce\" data-element_type=\"widget\" data-e-type=\"widget\" data-widget_type=\"heading.default\">\n\t\t\t\t<div class=\"elementor-widget-container\">\n\t\t\t\t\t<h2 class=\"elementor-heading-title elementor-size-default\">R\u00e9servez une d\u00e9mo en quelques \u00e9tapes<\/h2>\t\t\t\t<\/div>\n\t\t\t\t<\/div>\n\t\t\t\t<div class=\"elementor-element elementor-element-2292d1e elementor-widget elementor-widget-text-editor\" data-id=\"2292d1e\" data-element_type=\"widget\" data-e-type=\"widget\" data-widget_type=\"text-editor.default\">\n\t\t\t\t<div class=\"elementor-widget-container\">\n\t\t\t\t\t\t\t\t\t<p style=\"text-align: center; padding-top: 15px;\">Remplissez le formulaire ci-dessous et un membre de notre \u00e9quipe vous recontactera dans les 48 heures<\/p>\t\t\t\t\t\t\t\t<\/div>\n\t\t\t\t<\/div>\n\t\t\t\t<div class=\"elementor-element elementor-element-92ec132 elementor-widget elementor-widget-shortcode\" data-id=\"92ec132\" data-element_type=\"widget\" data-e-type=\"widget\" data-widget_type=\"shortcode.default\">\n\t\t\t\t<div class=\"elementor-widget-container\">\n\t\t\t\t\t\t\t<div class=\"elementor-shortcode\">\n<div class=\"wpcf7 no-js\" id=\"wpcf7-f8539-o1\" lang=\"en-US\" dir=\"ltr\" data-wpcf7-id=\"8539\">\n<div class=\"screen-reader-response\"><p role=\"status\" aria-live=\"polite\" aria-atomic=\"true\"><\/p> <ul><\/ul><\/div>\n<form action=\"\/fr\/wp-json\/wp\/v2\/pages\/31012#wpcf7-f8539-o1\" method=\"post\" class=\"wpcf7-form init\" aria-label=\"Contact form\" novalidate=\"novalidate\" data-status=\"init\">\n<fieldset class=\"hidden-fields-container\"><input type=\"hidden\" name=\"_wpcf7\" value=\"8539\" \/><input type=\"hidden\" name=\"_wpcf7_version\" value=\"6.1.5\" \/><input type=\"hidden\" name=\"_wpcf7_locale\" value=\"en_US\" \/><input type=\"hidden\" name=\"_wpcf7_unit_tag\" value=\"wpcf7-f8539-o1\" \/><input type=\"hidden\" name=\"_wpcf7_container_post\" value=\"0\" \/><input type=\"hidden\" name=\"_wpcf7_posted_data_hash\" value=\"\" \/><input type=\"hidden\" name=\"_wpcf7_recaptcha_response\" value=\"\" \/>\n<\/fieldset>\n<p><span class=\"wpcf7-form-control-wrap\" data-name=\"text-644\"><input size=\"40\" maxlength=\"400\" class=\"wpcf7-form-control wpcf7-text wpcf7-validates-as-required\" aria-required=\"true\" aria-invalid=\"false\" placeholder=\"Pr\u00e9nom\" value=\"\" type=\"text\" name=\"text-644\" \/><\/span><br \/>\n<span class=\"wpcf7-form-control-wrap\" data-name=\"text-645\"><input size=\"40\" maxlength=\"400\" class=\"wpcf7-form-control wpcf7-text wpcf7-validates-as-required\" aria-required=\"true\" aria-invalid=\"false\" placeholder=\"Nom\" value=\"\" type=\"text\" name=\"text-645\" \/><\/span><br \/>\n<span class=\"wpcf7-form-control-wrap\" data-name=\"email-683\"><input size=\"40\" maxlength=\"400\" class=\"wpcf7-form-control wpcf7-email wpcf7-validates-as-required wpcf7-text wpcf7-validates-as-email\" aria-required=\"true\" aria-invalid=\"false\" placeholder=\"E-mail professionnel\" value=\"\" type=\"email\" name=\"email-683\" \/><\/span><br \/>\n<span class=\"wpcf7-form-control-wrap\" data-name=\"text-646\"><input size=\"40\" maxlength=\"400\" class=\"wpcf7-form-control wpcf7-text wpcf7-validates-as-required\" aria-required=\"true\" aria-invalid=\"false\" placeholder=\"Entreprise\" value=\"\" type=\"text\" name=\"text-646\" \/><\/span><br \/>\n<span class=\"wpcf7-form-control-wrap\" data-name=\"text-647\"><input size=\"40\" maxlength=\"400\" class=\"wpcf7-form-control wpcf7-text wpcf7-validates-as-required\" aria-required=\"true\" aria-invalid=\"false\" placeholder=\"Poste\" value=\"\" type=\"text\" name=\"text-647\" \/><\/span><br \/>\n<span class=\"wpcf7-form-control-wrap\" data-name=\"text-648\"><input size=\"40\" maxlength=\"400\" class=\"wpcf7-form-control wpcf7-text wpcf7-validates-as-required\" aria-required=\"true\" aria-invalid=\"false\" placeholder=\"Pays\" value=\"\" type=\"text\" name=\"text-648\" \/><\/span><br \/>\n<span class=\"wpcf7-form-control-wrap\" data-name=\"menu-852\"><select class=\"wpcf7-form-control wpcf7-select wpcf7-validates-as-required\" aria-required=\"true\" aria-invalid=\"false\" name=\"menu-852\"><option value=\"\">Nombre d&#039;employ\u00e9s<\/option><option value=\"100 - 500\">100 - 500<\/option><option value=\"500 - 1 000\">500 - 1 000<\/option><option value=\"1 000 - 5 000\">1 000 - 5 000<\/option><option value=\"5 000 - 25 000\">5 000 - 25 000<\/option><option value=\"25 000 - 50 000\">25 000 - 50 000<\/option><option value=\"50 000 - 100 000\">50 000 - 100 000<\/option><option value=\"Plus de 100 000\">Plus de 100 000<\/option><\/select><\/span><br \/>\n<span class=\"wpcf7-form-control-wrap\" data-name=\"menu-170\"><select class=\"wpcf7-form-control wpcf7-select\" aria-invalid=\"false\" name=\"menu-170\"><option value=\"\">Comment avez-nous entendu parler de nous ?<\/option><option value=\"R\u00e9seaux sociaux\">R\u00e9seaux sociaux<\/option><option value=\"Recherche en ligne\">Recherche en ligne<\/option><option value=\"\u00c9v\u00e9nements\">\u00c9v\u00e9nements<\/option><option value=\"Linkedin\">Linkedin<\/option><option value=\"Email\">Email<\/option><option value=\"Radio\">Radio<\/option><option value=\"T\u00e9l\u00e9vision\">T\u00e9l\u00e9vision<\/option><option value=\"Bouche \u00e0 oreille\">Bouche \u00e0 oreille<\/option><option value=\"Autre\">Autre<\/option><\/select><\/span><br \/>\n<span class=\"wpcf7-form-control-wrap\" data-name=\"acceptance-181\"><span class=\"wpcf7-form-control wpcf7-acceptance\"><span class=\"wpcf7-list-item\"><label><input type=\"checkbox\" name=\"acceptance-181\" value=\"1\" class=\"form-acceptance\" aria-invalid=\"false\" \/><span class=\"wpcf7-list-item-label\">En envoyant ce formulaire, vous confirmez avoir lu et \u00eatre en accord avec les <a href=\"https:\/\/www.collaborativeperks.com\/fr\/privacy-policy\/\">\nConditions d'utilisation ainsi qu'avec la Politique de confidentialit\u00e9 de Collaborative Perks.<\/a><\/span><\/label><\/span><\/span><\/span><br \/>\n[anr_nocaptcha g-recaptcha-response]<br \/>\n<input class=\"wpcf7-form-control wpcf7-submit has-spinner\" type=\"submit\" value=\"Envoyer\" \/>\n<\/p><div class=\"wpcf7-response-output\" aria-hidden=\"true\"><\/div>\n<\/form>\n<\/div>\n<\/div>\n\t\t\t\t\t\t<\/div>\n\t\t\t\t<\/div>\n\t\t\t\t\t<\/div>\n\t\t<\/div>\n\t\t\t\t\t<\/div>\n\t\t<\/section>\n\t\t\t\t<\/div>\n\t\t","protected":false},"excerpt":{"rendered":"<p>R\u00e9servez une d\u00e9mo en quelques \u00e9tapes Remplissez le formulaire ci-dessous et un membre de notre \u00e9quipe vous recontactera dans les 48 heures<\/p>\n","protected":false},"author":7,"featured_media":0,"parent":0,"menu_order":0,"comment_status":"closed","ping_status":"closed","template":"","meta":{"footnotes":""},"class_list":["post-31012","page","type-page","status-publish","hentry","no-post-thumbnail"],"acf":[],"yoast_head":"<!-- This site is optimized with the Yoast SEO plugin v27.5 - https:\/\/yoast.com\/product\/yoast-seo-wordpress\/ -->\n<title>Demo - Collaborative Perks<\/title>\n<meta name=\"robots\" content=\"index, follow, max-snippet:-1, max-image-preview:large, max-video-preview:-1\" \/>\n<link rel=\"canonical\" href=\"https:\/\/www.collaborativeperks.com\/fr\/demo\/\" \/>\n<meta property=\"og:locale\" content=\"fr_FR\" \/>\n<meta property=\"og:type\" content=\"article\" \/>\n<meta property=\"og:title\" content=\"Demo - Collaborative Perks\" \/>\n<meta property=\"og:description\" content=\"R\u00e9servez une d\u00e9mo en quelques \u00e9tapes Remplissez le formulaire ci-dessous et un membre de notre \u00e9quipe vous recontactera dans les 48 heures\" \/>\n<meta property=\"og:url\" content=\"https:\/\/www.collaborativeperks.com\/fr\/demo\/\" \/>\n<meta property=\"og:site_name\" content=\"Collaborative Perks\" \/>\n<meta property=\"article:publisher\" content=\"https:\/\/facebook.com\/collabperks\" \/>\n<meta property=\"article:modified_time\" content=\"2021-02-03T08:48:32+00:00\" \/>\n<meta name=\"twitter:card\" content=\"summary_large_image\" \/>\n<meta name=\"twitter:site\" content=\"@CollabPerks\" \/>\n<script type=\"application\/ld+json\" class=\"yoast-schema-graph\">{\"@context\":\"https:\\\/\\\/schema.org\",\"@graph\":[{\"@type\":\"WebPage\",\"@id\":\"https:\\\/\\\/www.collaborativeperks.com\\\/fr\\\/demo\\\/\",\"url\":\"https:\\\/\\\/www.collaborativeperks.com\\\/fr\\\/demo\\\/\",\"name\":\"Demo - Collaborative Perks\",\"isPartOf\":{\"@id\":\"https:\\\/\\\/www.collaborativeperks.com\\\/#website\"},\"datePublished\":\"2021-01-29T14:10:54+00:00\",\"dateModified\":\"2021-02-03T08:48:32+00:00\",\"breadcrumb\":{\"@id\":\"https:\\\/\\\/www.collaborativeperks.com\\\/fr\\\/demo\\\/#breadcrumb\"},\"inLanguage\":\"fr-FR\",\"potentialAction\":[{\"@type\":\"ReadAction\",\"target\":[\"https:\\\/\\\/www.collaborativeperks.com\\\/fr\\\/demo\\\/\"]}]},{\"@type\":\"BreadcrumbList\",\"@id\":\"https:\\\/\\\/www.collaborativeperks.com\\\/fr\\\/demo\\\/#breadcrumb\",\"itemListElement\":[{\"@type\":\"ListItem\",\"position\":1,\"name\":\"Home\",\"item\":\"https:\\\/\\\/www.collaborativeperks.com\\\/es\\\/\"},{\"@type\":\"ListItem\",\"position\":2,\"name\":\"Demo\"}]},{\"@type\":\"WebSite\",\"@id\":\"https:\\\/\\\/www.collaborativeperks.com\\\/#website\",\"url\":\"https:\\\/\\\/www.collaborativeperks.com\\\/\",\"name\":\"Collaborative Perks\",\"description\":\"Innovative employee benefits\",\"publisher\":{\"@id\":\"https:\\\/\\\/www.collaborativeperks.com\\\/#organization\"},\"potentialAction\":[{\"@type\":\"SearchAction\",\"target\":{\"@type\":\"EntryPoint\",\"urlTemplate\":\"https:\\\/\\\/www.collaborativeperks.com\\\/?s={search_term_string}\"},\"query-input\":{\"@type\":\"PropertyValueSpecification\",\"valueRequired\":true,\"valueName\":\"search_term_string\"}}],\"inLanguage\":\"fr-FR\"},{\"@type\":\"Organization\",\"@id\":\"https:\\\/\\\/www.collaborativeperks.com\\\/#organization\",\"name\":\"Collaborative Perks\",\"url\":\"https:\\\/\\\/www.collaborativeperks.com\\\/\",\"logo\":{\"@type\":\"ImageObject\",\"inLanguage\":\"fr-FR\",\"@id\":\"https:\\\/\\\/www.collaborativeperks.com\\\/#\\\/schema\\\/logo\\\/image\\\/\",\"url\":\"\",\"contentUrl\":\"\",\"caption\":\"Collaborative Perks\"},\"image\":{\"@id\":\"https:\\\/\\\/www.collaborativeperks.com\\\/#\\\/schema\\\/logo\\\/image\\\/\"},\"sameAs\":[\"https:\\\/\\\/facebook.com\\\/collabperks\",\"https:\\\/\\\/x.com\\\/CollabPerks\",\"https:\\\/\\\/www.instagram.com\\\/collaborativeperks\\\/\",\"https:\\\/\\\/www.linkedin.com\\\/company\\\/collaborativeperks\\\/\"]}]}<\/script>\n<!-- \/ Yoast SEO plugin. -->","yoast_head_json":{"title":"Demo - Collaborative Perks","robots":{"index":"index","follow":"follow","max-snippet":"max-snippet:-1","max-image-preview":"max-image-preview:large","max-video-preview":"max-video-preview:-1"},"canonical":"https:\/\/www.collaborativeperks.com\/fr\/demo\/","og_locale":"fr_FR","og_type":"article","og_title":"Demo - Collaborative Perks","og_description":"R\u00e9servez une d\u00e9mo en quelques \u00e9tapes Remplissez le formulaire ci-dessous et un membre de notre \u00e9quipe vous recontactera dans les 48 heures","og_url":"https:\/\/www.collaborativeperks.com\/fr\/demo\/","og_site_name":"Collaborative Perks","article_publisher":"https:\/\/facebook.com\/collabperks","article_modified_time":"2021-02-03T08:48:32+00:00","twitter_card":"summary_large_image","twitter_site":"@CollabPerks","schema":{"@context":"https:\/\/schema.org","@graph":[{"@type":"WebPage","@id":"https:\/\/www.collaborativeperks.com\/fr\/demo\/","url":"https:\/\/www.collaborativeperks.com\/fr\/demo\/","name":"Demo - Collaborative Perks","isPartOf":{"@id":"https:\/\/www.collaborativeperks.com\/#website"},"datePublished":"2021-01-29T14:10:54+00:00","dateModified":"2021-02-03T08:48:32+00:00","breadcrumb":{"@id":"https:\/\/www.collaborativeperks.com\/fr\/demo\/#breadcrumb"},"inLanguage":"fr-FR","potentialAction":[{"@type":"ReadAction","target":["https:\/\/www.collaborativeperks.com\/fr\/demo\/"]}]},{"@type":"BreadcrumbList","@id":"https:\/\/www.collaborativeperks.com\/fr\/demo\/#breadcrumb","itemListElement":[{"@type":"ListItem","position":1,"name":"Home","item":"https:\/\/www.collaborativeperks.com\/es\/"},{"@type":"ListItem","position":2,"name":"Demo"}]},{"@type":"WebSite","@id":"https:\/\/www.collaborativeperks.com\/#website","url":"https:\/\/www.collaborativeperks.com\/","name":"Collaborative Perks","description":"Innovative employee benefits","publisher":{"@id":"https:\/\/www.collaborativeperks.com\/#organization"},"potentialAction":[{"@type":"SearchAction","target":{"@type":"EntryPoint","urlTemplate":"https:\/\/www.collaborativeperks.com\/?s={search_term_string}"},"query-input":{"@type":"PropertyValueSpecification","valueRequired":true,"valueName":"search_term_string"}}],"inLanguage":"fr-FR"},{"@type":"Organization","@id":"https:\/\/www.collaborativeperks.com\/#organization","name":"Collaborative Perks","url":"https:\/\/www.collaborativeperks.com\/","logo":{"@type":"ImageObject","inLanguage":"fr-FR","@id":"https:\/\/www.collaborativeperks.com\/#\/schema\/logo\/image\/","url":"","contentUrl":"","caption":"Collaborative Perks"},"image":{"@id":"https:\/\/www.collaborativeperks.com\/#\/schema\/logo\/image\/"},"sameAs":["https:\/\/facebook.com\/collabperks","https:\/\/x.com\/CollabPerks","https:\/\/www.instagram.com\/collaborativeperks\/","https:\/\/www.linkedin.com\/company\/collaborativeperks\/"]}]}},"_links":{"self":[{"href":"https:\/\/www.collaborativeperks.com\/fr\/wp-json\/wp\/v2\/pages\/31012","targetHints":{"allow":["GET"]}}],"collection":[{"href":"https:\/\/www.collaborativeperks.com\/fr\/wp-json\/wp\/v2\/pages"}],"about":[{"href":"https:\/\/www.collaborativeperks.com\/fr\/wp-json\/wp\/v2\/types\/page"}],"author":[{"embeddable":true,"href":"https:\/\/www.collaborativeperks.com\/fr\/wp-json\/wp\/v2\/users\/7"}],"replies":[{"embeddable":true,"href":"https:\/\/www.collaborativeperks.com\/fr\/wp-json\/wp\/v2\/comments?post=31012"}],"version-history":[{"count":0,"href":"https:\/\/www.collaborativeperks.com\/fr\/wp-json\/wp\/v2\/pages\/31012\/revisions"}],"wp:attachment":[{"href":"https:\/\/www.collaborativeperks.com\/fr\/wp-json\/wp\/v2\/media?parent=31012"}],"curies":[{"name":"wp","href":"https:\/\/api.w.org\/{rel}","templated":true}]}}