{"id":31056,"date":"2021-01-29T15:44:34","date_gmt":"2021-01-29T14:44:34","guid":{"rendered":"https:\/\/www.collaborativeperks.com\/?page_id=31056"},"modified":"2021-02-05T09:28:07","modified_gmt":"2021-02-05T08:28:07","slug":"equipe","status":"publish","type":"page","link":"https:\/\/www.collaborativeperks.com\/fr\/equipe\/","title":{"rendered":"Equipe"},"content":{"rendered":"\t\t<div data-elementor-type=\"wp-page\" data-elementor-id=\"31056\" class=\"elementor elementor-31056 elementor-30611\">\n\t\t\t\t\t\t<section class=\"elementor-section elementor-top-section elementor-element elementor-element-29a0eed elementor-section-full_width elementor-section-height-default elementor-section-height-default\" data-id=\"29a0eed\" data-element_type=\"section\" data-e-type=\"section\">\n\t\t\t\t\t\t<div class=\"elementor-container elementor-column-gap-default\">\n\t\t\t\t\t<div class=\"elementor-column elementor-col-100 elementor-top-column elementor-element elementor-element-9e1dfbb\" data-id=\"9e1dfbb\" data-element_type=\"column\" data-e-type=\"column\">\n\t\t\t<div class=\"elementor-widget-wrap elementor-element-populated\">\n\t\t\t\t\t\t<div class=\"elementor-element elementor-element-24ed492 elementor-widget elementor-widget-heading\" data-id=\"24ed492\" data-element_type=\"widget\" data-e-type=\"widget\" data-widget_type=\"heading.default\">\n\t\t\t\t<div class=\"elementor-widget-container\">\n\t\t\t\t\t<h2 class=\"elementor-heading-title elementor-size-default\">Rencontrez Collaborative Perks <\/h2>\t\t\t\t<\/div>\n\t\t\t\t<\/div>\n\t\t\t\t<div class=\"elementor-element elementor-element-7547b79 elementor-widget elementor-widget-text-editor\" data-id=\"7547b79\" data-element_type=\"widget\" data-e-type=\"widget\" data-widget_type=\"text-editor.default\">\n\t\t\t\t<div class=\"elementor-widget-container\">\n\t\t\t\t\t\t\t\t\tCollaborative Perks a \u00e9t\u00e9 fond\u00e9e en 2011 et est maintenant pr\u00e9sente mondialement gr\u00e2ce au travail et \u00e0 la d\u00e9termination de ses membres. <br>Nous sommes fiers de fournir des solutions et avantages pour les salari\u00e9s pr\u00e9sents dans les plus grandes entreprises partout dans le monde.\n<br><br>\nGr\u00e2ce \u00e0 nos ann\u00e9es d&#8217;exp\u00e9rience, nous concevons, construisons et prenons soin de nos plateformes de prestations mondiales de la meilleure fa\u00e7on possible.\t\t\t\t\t\t\t\t<\/div>\n\t\t\t\t<\/div>\n\t\t\t\t<div class=\"elementor-element elementor-element-c9b3e33 gallery-spacing-custom elementor-widget elementor-widget-image-gallery\" data-id=\"c9b3e33\" data-element_type=\"widget\" data-e-type=\"widget\" data-widget_type=\"image-gallery.default\">\n\t\t\t\t<div class=\"elementor-widget-container\">\n\t\t\t\t\t\t\t<div class=\"elementor-image-gallery\">\n\t\t\t<div id='gallery-1' class='gallery galleryid-31056 gallery-columns-3 gallery-size-saasland_560x400'><figure class='gallery-item'>\n\t\t\t<div class='gallery-icon landscape'>\n\t\t\t\t<img fetchpriority=\"high\" decoding=\"async\" width=\"560\" height=\"400\" src=\"https:\/\/www.collaborativeperks.com\/wp-content\/uploads\/2021\/01\/Collaborative-Perks-Christmas-time-560x400.jpg\" class=\"attachment-saasland_560x400 size-saasland_560x400\" alt=\"\" srcset=\"https:\/\/www.collaborativeperks.com\/wp-content\/uploads\/2021\/01\/Collaborative-Perks-Christmas-time-560x400.jpg 560w, https:\/\/www.collaborativeperks.com\/wp-content\/uploads\/2021\/01\/Collaborative-Perks-Christmas-time-110x80.jpg 110w\" sizes=\"(max-width: 560px) 100vw, 560px\" \/>\n\t\t\t<\/div><\/figure><figure class='gallery-item'>\n\t\t\t<div class='gallery-icon landscape'>\n\t\t\t\t<img decoding=\"async\" width=\"560\" height=\"400\" src=\"https:\/\/www.collaborativeperks.com\/wp-content\/uploads\/2021\/01\/Collaborative-Perks-team-dinner-560x400.jpg\" class=\"attachment-saasland_560x400 size-saasland_560x400\" alt=\"\" srcset=\"https:\/\/www.collaborativeperks.com\/wp-content\/uploads\/2021\/01\/Collaborative-Perks-team-dinner-560x400.jpg 560w, https:\/\/www.collaborativeperks.com\/wp-content\/uploads\/2021\/01\/Collaborative-Perks-team-dinner-110x80.jpg 110w\" sizes=\"(max-width: 560px) 100vw, 560px\" \/>\n\t\t\t<\/div><\/figure><figure class='gallery-item'>\n\t\t\t<div class='gallery-icon portrait'>\n\t\t\t\t<img decoding=\"async\" width=\"560\" height=\"400\" src=\"https:\/\/www.collaborativeperks.com\/wp-content\/uploads\/2021\/01\/Collaborative-Perks-Milan-Business-Trip-560x400.jpg\" class=\"attachment-saasland_560x400 size-saasland_560x400\" alt=\"\" srcset=\"https:\/\/www.collaborativeperks.com\/wp-content\/uploads\/2021\/01\/Collaborative-Perks-Milan-Business-Trip-560x400.jpg 560w, https:\/\/www.collaborativeperks.com\/wp-content\/uploads\/2021\/01\/Collaborative-Perks-Milan-Business-Trip-110x80.jpg 110w\" sizes=\"(max-width: 560px) 100vw, 560px\" \/>\n\t\t\t<\/div><\/figure>\n\t\t<\/div>\n\t\t<\/div>\n\t\t\t\t\t\t<\/div>\n\t\t\t\t<\/div>\n\t\t\t\t\t<\/div>\n\t\t<\/div>\n\t\t\t\t\t<\/div>\n\t\t<\/section>\n\t\t\t\t<section class=\"elementor-section elementor-top-section elementor-element elementor-element-4add0e7 elementor-section-full_width elementor-section-height-default elementor-section-height-default\" data-id=\"4add0e7\" data-element_type=\"section\" data-e-type=\"section\">\n\t\t\t\t\t\t<div class=\"elementor-container elementor-column-gap-default\">\n\t\t\t\t\t<div class=\"elementor-column elementor-col-100 elementor-top-column elementor-element elementor-element-e4fa788\" data-id=\"e4fa788\" data-element_type=\"column\" data-e-type=\"column\">\n\t\t\t<div class=\"elementor-widget-wrap elementor-element-populated\">\n\t\t\t\t\t\t<div class=\"elementor-element elementor-element-de4a08b elementor-widget elementor-widget-saasland_c2a\" data-id=\"de4a08b\" data-element_type=\"widget\" data-e-type=\"widget\" data-widget_type=\"saasland_c2a.default\">\n\t\t\t\t<div class=\"elementor-widget-container\">\n\t\t\t\t\t<section class=\"erp_call_action_area analytices_action_area_two\">\r\n    <style>\r\n        .erp_call_action_area:before {\r\n            background: url()\r\n            no-repeat scroll center bottom\/cover;\r\n        }\r\n    <\/style>\r\n    <div class=\"container\">\r\n        <div class=\"erp_action_content text-center\">\r\n                                        <h2 class=\"saasland_c2a_s\">Nous sommes toujours \u00e0 la recherche de personnes passionn\u00e9es, \u00eates-vous l'une d'entre elles ? <\/h2>\r\n                                                    <a href=\"https:\/\/www.collaborativeperks.com\/fr\/emplois\" class=\"er_btn er_btn_two\"\r\n                    >\r\n                    Consultez nos offres d&#039;emploi                <\/a>\r\n                    <\/div>\r\n    <\/div>\r\n    <style>\r\n        .analytices_action_area_two:after {\r\n            background: url()\r\n            no-repeat scroll;\r\n        }\r\n    <\/style>\r\n<\/section>\t\t\t\t<\/div>\n\t\t\t\t<\/div>\n\t\t\t\t\t<\/div>\n\t\t<\/div>\n\t\t\t\t\t<\/div>\n\t\t<\/section>\n\t\t\t\t<\/div>\n\t\t","protected":false},"excerpt":{"rendered":"<p>Rencontrez Collaborative Perks Collaborative Perks a \u00e9t\u00e9 fond\u00e9e en 2011 et est maintenant pr\u00e9sente mondialement gr\u00e2ce au travail et \u00e0 la d\u00e9termination de ses membres. Nous sommes fiers de fournir des solutions et avantages pour les salari\u00e9s pr\u00e9sents dans les plus grandes entreprises partout dans le monde. Gr\u00e2ce \u00e0 nos ann\u00e9es d&#8217;exp\u00e9rience, nous concevons, construisons&#8230;<\/p>\n","protected":false},"author":7,"featured_media":0,"parent":0,"menu_order":0,"comment_status":"closed","ping_status":"closed","template":"page-fullwidth.php","meta":{"footnotes":""},"class_list":["post-31056","page","type-page","status-publish","hentry","no-post-thumbnail"],"acf":[],"yoast_head":"<!-- This site is optimized with the Yoast SEO plugin v27.3 - https:\/\/yoast.com\/product\/yoast-seo-wordpress\/ -->\n<title>Equipe - Collaborative Perks<\/title>\n<meta name=\"robots\" content=\"index, follow, max-snippet:-1, max-image-preview:large, max-video-preview:-1\" \/>\n<link rel=\"canonical\" href=\"https:\/\/www.collaborativeperks.com\/fr\/equipe\/\" \/>\n<meta property=\"og:locale\" content=\"fr_FR\" \/>\n<meta property=\"og:type\" content=\"article\" \/>\n<meta property=\"og:title\" content=\"Equipe - Collaborative Perks\" \/>\n<meta property=\"og:description\" content=\"Rencontrez Collaborative Perks Collaborative Perks a \u00e9t\u00e9 fond\u00e9e en 2011 et est maintenant pr\u00e9sente mondialement gr\u00e2ce au travail et \u00e0 la d\u00e9termination de ses membres. Nous sommes fiers de fournir des solutions et avantages pour les salari\u00e9s pr\u00e9sents dans les plus grandes entreprises partout dans le monde. Gr\u00e2ce \u00e0 nos ann\u00e9es d&#8217;exp\u00e9rience, nous concevons, construisons...\" \/>\n<meta property=\"og:url\" content=\"https:\/\/www.collaborativeperks.com\/fr\/equipe\/\" \/>\n<meta property=\"og:site_name\" content=\"Collaborative Perks\" \/>\n<meta property=\"article:publisher\" content=\"https:\/\/facebook.com\/collabperks\" \/>\n<meta property=\"article:modified_time\" content=\"2021-02-05T08:28:07+00:00\" \/>\n<meta property=\"og:image\" content=\"https:\/\/www.collaborativeperks.com\/wp-content\/uploads\/2021\/01\/Collaborative-Perks-Indonesian-Team-Lunch-560x400.jpg\" \/>\n<meta name=\"twitter:card\" content=\"summary_large_image\" \/>\n<meta name=\"twitter:site\" content=\"@CollabPerks\" \/>\n<script type=\"application\/ld+json\" class=\"yoast-schema-graph\">{\"@context\":\"https:\\\/\\\/schema.org\",\"@graph\":[{\"@type\":\"WebPage\",\"@id\":\"https:\\\/\\\/www.collaborativeperks.com\\\/fr\\\/equipe\\\/\",\"url\":\"https:\\\/\\\/www.collaborativeperks.com\\\/fr\\\/equipe\\\/\",\"name\":\"Equipe - Collaborative Perks\",\"isPartOf\":{\"@id\":\"https:\\\/\\\/www.collaborativeperks.com\\\/#website\"},\"primaryImageOfPage\":{\"@id\":\"https:\\\/\\\/www.collaborativeperks.com\\\/fr\\\/equipe\\\/#primaryimage\"},\"image\":{\"@id\":\"https:\\\/\\\/www.collaborativeperks.com\\\/fr\\\/equipe\\\/#primaryimage\"},\"thumbnailUrl\":\"https:\\\/\\\/www.collaborativeperks.com\\\/wp-content\\\/uploads\\\/2021\\\/01\\\/Collaborative-Perks-Indonesian-Team-Lunch-560x400.jpg\",\"datePublished\":\"2021-01-29T14:44:34+00:00\",\"dateModified\":\"2021-02-05T08:28:07+00:00\",\"breadcrumb\":{\"@id\":\"https:\\\/\\\/www.collaborativeperks.com\\\/fr\\\/equipe\\\/#breadcrumb\"},\"inLanguage\":\"fr-FR\",\"potentialAction\":[{\"@type\":\"ReadAction\",\"target\":[\"https:\\\/\\\/www.collaborativeperks.com\\\/fr\\\/equipe\\\/\"]}]},{\"@type\":\"ImageObject\",\"inLanguage\":\"fr-FR\",\"@id\":\"https:\\\/\\\/www.collaborativeperks.com\\\/fr\\\/equipe\\\/#primaryimage\",\"url\":\"https:\\\/\\\/www.collaborativeperks.com\\\/wp-content\\\/uploads\\\/2021\\\/01\\\/Collaborative-Perks-Indonesian-Team-Lunch-560x400.jpg\",\"contentUrl\":\"https:\\\/\\\/www.collaborativeperks.com\\\/wp-content\\\/uploads\\\/2021\\\/01\\\/Collaborative-Perks-Indonesian-Team-Lunch-560x400.jpg\"},{\"@type\":\"BreadcrumbList\",\"@id\":\"https:\\\/\\\/www.collaborativeperks.com\\\/fr\\\/equipe\\\/#breadcrumb\",\"itemListElement\":[{\"@type\":\"ListItem\",\"position\":1,\"name\":\"Home\",\"item\":\"https:\\\/\\\/www.collaborativeperks.com\\\/es\\\/\"},{\"@type\":\"ListItem\",\"position\":2,\"name\":\"Equipe\"}]},{\"@type\":\"WebSite\",\"@id\":\"https:\\\/\\\/www.collaborativeperks.com\\\/#website\",\"url\":\"https:\\\/\\\/www.collaborativeperks.com\\\/\",\"name\":\"Collaborative Perks\",\"description\":\"Innovative employee benefits\",\"publisher\":{\"@id\":\"https:\\\/\\\/www.collaborativeperks.com\\\/#organization\"},\"potentialAction\":[{\"@type\":\"SearchAction\",\"target\":{\"@type\":\"EntryPoint\",\"urlTemplate\":\"https:\\\/\\\/www.collaborativeperks.com\\\/?s={search_term_string}\"},\"query-input\":{\"@type\":\"PropertyValueSpecification\",\"valueRequired\":true,\"valueName\":\"search_term_string\"}}],\"inLanguage\":\"fr-FR\"},{\"@type\":\"Organization\",\"@id\":\"https:\\\/\\\/www.collaborativeperks.com\\\/#organization\",\"name\":\"Collaborative Perks\",\"url\":\"https:\\\/\\\/www.collaborativeperks.com\\\/\",\"logo\":{\"@type\":\"ImageObject\",\"inLanguage\":\"fr-FR\",\"@id\":\"https:\\\/\\\/www.collaborativeperks.com\\\/#\\\/schema\\\/logo\\\/image\\\/\",\"url\":\"\",\"contentUrl\":\"\",\"caption\":\"Collaborative Perks\"},\"image\":{\"@id\":\"https:\\\/\\\/www.collaborativeperks.com\\\/#\\\/schema\\\/logo\\\/image\\\/\"},\"sameAs\":[\"https:\\\/\\\/facebook.com\\\/collabperks\",\"https:\\\/\\\/x.com\\\/CollabPerks\",\"https:\\\/\\\/www.instagram.com\\\/collaborativeperks\\\/\",\"https:\\\/\\\/www.linkedin.com\\\/company\\\/collaborativeperks\\\/\"]}]}<\/script>\n<!-- \/ Yoast SEO plugin. -->","yoast_head_json":{"title":"Equipe - Collaborative Perks","robots":{"index":"index","follow":"follow","max-snippet":"max-snippet:-1","max-image-preview":"max-image-preview:large","max-video-preview":"max-video-preview:-1"},"canonical":"https:\/\/www.collaborativeperks.com\/fr\/equipe\/","og_locale":"fr_FR","og_type":"article","og_title":"Equipe - Collaborative Perks","og_description":"Rencontrez Collaborative Perks Collaborative Perks a \u00e9t\u00e9 fond\u00e9e en 2011 et est maintenant pr\u00e9sente mondialement gr\u00e2ce au travail et \u00e0 la d\u00e9termination de ses membres. Nous sommes fiers de fournir des solutions et avantages pour les salari\u00e9s pr\u00e9sents dans les plus grandes entreprises partout dans le monde. Gr\u00e2ce \u00e0 nos ann\u00e9es d&#8217;exp\u00e9rience, nous concevons, construisons...","og_url":"https:\/\/www.collaborativeperks.com\/fr\/equipe\/","og_site_name":"Collaborative Perks","article_publisher":"https:\/\/facebook.com\/collabperks","article_modified_time":"2021-02-05T08:28:07+00:00","og_image":[{"url":"https:\/\/www.collaborativeperks.com\/wp-content\/uploads\/2021\/01\/Collaborative-Perks-Indonesian-Team-Lunch-560x400.jpg","type":"","width":"","height":""}],"twitter_card":"summary_large_image","twitter_site":"@CollabPerks","schema":{"@context":"https:\/\/schema.org","@graph":[{"@type":"WebPage","@id":"https:\/\/www.collaborativeperks.com\/fr\/equipe\/","url":"https:\/\/www.collaborativeperks.com\/fr\/equipe\/","name":"Equipe - Collaborative Perks","isPartOf":{"@id":"https:\/\/www.collaborativeperks.com\/#website"},"primaryImageOfPage":{"@id":"https:\/\/www.collaborativeperks.com\/fr\/equipe\/#primaryimage"},"image":{"@id":"https:\/\/www.collaborativeperks.com\/fr\/equipe\/#primaryimage"},"thumbnailUrl":"https:\/\/www.collaborativeperks.com\/wp-content\/uploads\/2021\/01\/Collaborative-Perks-Indonesian-Team-Lunch-560x400.jpg","datePublished":"2021-01-29T14:44:34+00:00","dateModified":"2021-02-05T08:28:07+00:00","breadcrumb":{"@id":"https:\/\/www.collaborativeperks.com\/fr\/equipe\/#breadcrumb"},"inLanguage":"fr-FR","potentialAction":[{"@type":"ReadAction","target":["https:\/\/www.collaborativeperks.com\/fr\/equipe\/"]}]},{"@type":"ImageObject","inLanguage":"fr-FR","@id":"https:\/\/www.collaborativeperks.com\/fr\/equipe\/#primaryimage","url":"https:\/\/www.collaborativeperks.com\/wp-content\/uploads\/2021\/01\/Collaborative-Perks-Indonesian-Team-Lunch-560x400.jpg","contentUrl":"https:\/\/www.collaborativeperks.com\/wp-content\/uploads\/2021\/01\/Collaborative-Perks-Indonesian-Team-Lunch-560x400.jpg"},{"@type":"BreadcrumbList","@id":"https:\/\/www.collaborativeperks.com\/fr\/equipe\/#breadcrumb","itemListElement":[{"@type":"ListItem","position":1,"name":"Home","item":"https:\/\/www.collaborativeperks.com\/es\/"},{"@type":"ListItem","position":2,"name":"Equipe"}]},{"@type":"WebSite","@id":"https:\/\/www.collaborativeperks.com\/#website","url":"https:\/\/www.collaborativeperks.com\/","name":"Collaborative Perks","description":"Innovative employee benefits","publisher":{"@id":"https:\/\/www.collaborativeperks.com\/#organization"},"potentialAction":[{"@type":"SearchAction","target":{"@type":"EntryPoint","urlTemplate":"https:\/\/www.collaborativeperks.com\/?s={search_term_string}"},"query-input":{"@type":"PropertyValueSpecification","valueRequired":true,"valueName":"search_term_string"}}],"inLanguage":"fr-FR"},{"@type":"Organization","@id":"https:\/\/www.collaborativeperks.com\/#organization","name":"Collaborative Perks","url":"https:\/\/www.collaborativeperks.com\/","logo":{"@type":"ImageObject","inLanguage":"fr-FR","@id":"https:\/\/www.collaborativeperks.com\/#\/schema\/logo\/image\/","url":"","contentUrl":"","caption":"Collaborative Perks"},"image":{"@id":"https:\/\/www.collaborativeperks.com\/#\/schema\/logo\/image\/"},"sameAs":["https:\/\/facebook.com\/collabperks","https:\/\/x.com\/CollabPerks","https:\/\/www.instagram.com\/collaborativeperks\/","https:\/\/www.linkedin.com\/company\/collaborativeperks\/"]}]}},"_links":{"self":[{"href":"https:\/\/www.collaborativeperks.com\/fr\/wp-json\/wp\/v2\/pages\/31056","targetHints":{"allow":["GET"]}}],"collection":[{"href":"https:\/\/www.collaborativeperks.com\/fr\/wp-json\/wp\/v2\/pages"}],"about":[{"href":"https:\/\/www.collaborativeperks.com\/fr\/wp-json\/wp\/v2\/types\/page"}],"author":[{"embeddable":true,"href":"https:\/\/www.collaborativeperks.com\/fr\/wp-json\/wp\/v2\/users\/7"}],"replies":[{"embeddable":true,"href":"https:\/\/www.collaborativeperks.com\/fr\/wp-json\/wp\/v2\/comments?post=31056"}],"version-history":[{"count":12,"href":"https:\/\/www.collaborativeperks.com\/fr\/wp-json\/wp\/v2\/pages\/31056\/revisions"}],"predecessor-version":[{"id":31524,"href":"https:\/\/www.collaborativeperks.com\/fr\/wp-json\/wp\/v2\/pages\/31056\/revisions\/31524"}],"wp:attachment":[{"href":"https:\/\/www.collaborativeperks.com\/fr\/wp-json\/wp\/v2\/media?parent=31056"}],"curies":[{"name":"wp","href":"https:\/\/api.w.org\/{rel}","templated":true}]}}