{"id":31062,"date":"2019-04-02T12:17:33","date_gmt":"2019-04-02T11:17:33","guid":{"rendered":"https:\/\/www.collaborativeperks.com\/?page_id=31062"},"modified":"2025-06-05T11:17:59","modified_gmt":"2025-06-05T09:17:59","slug":"videos","status":"publish","type":"page","link":"https:\/\/www.collaborativeperks.com\/fr\/videos\/","title":{"rendered":"Videos"},"content":{"rendered":"\t\t<div data-elementor-type=\"wp-post\" data-elementor-id=\"31062\" class=\"elementor elementor-31062 elementor-2681\">\n\t\t\t\t\t\t<section class=\"elementor-section elementor-top-section elementor-element elementor-element-28de587 elementor-section-full_width elementor-section-height-default elementor-section-height-default\" data-id=\"28de587\" data-element_type=\"section\" data-e-type=\"section\">\n\t\t\t\t\t\t<div class=\"elementor-container elementor-column-gap-default\">\n\t\t\t\t\t<div class=\"elementor-column elementor-col-100 elementor-top-column elementor-element elementor-element-db28c58\" data-id=\"db28c58\" data-element_type=\"column\" data-e-type=\"column\">\n\t\t\t<div class=\"elementor-widget-wrap elementor-element-populated\">\n\t\t\t\t\t\t<div class=\"elementor-element elementor-element-050b9a4 elementor-widget elementor-widget-heading\" data-id=\"050b9a4\" data-element_type=\"widget\" data-e-type=\"widget\" data-widget_type=\"heading.default\">\n\t\t\t\t<div class=\"elementor-widget-container\">\n\t\t\t\t\t<h2 class=\"elementor-heading-title elementor-size-default\">En savoir plus sur notre nouveau produit, <br> cours de yoga et de fitness en ligne<\/h2>\t\t\t\t<\/div>\n\t\t\t\t<\/div>\n\t\t\t\t<div class=\"elementor-element elementor-element-72565b0 elementor-widget elementor-widget-saasland_single_video\" data-id=\"72565b0\" data-element_type=\"widget\" data-e-type=\"widget\" data-widget_type=\"saasland_single_video.default\">\n\t\t\t\t<div class=\"elementor-widget-container\">\n\t\t\t\t\t<section class=\"video_area\">\r\n    <div class=\"container\">\r\n        <div class=\"video_content\">\r\n            <div class=\"video_info\" style='background: url(https:\/\/www.collaborativeperks.com\/wp-content\/uploads\/2021\/02\/fitness-online-preview.jpg) no-repeat; background-size: cover;'>\r\n                <div class=\"ovarlay_color\"><\/div>\r\n                <a class=\"popup-youtube video_icon\" href=\"https:\/\/www.collaborativeperks.com\/wp-content\/uploads\/2025\/05\/promo-coaches-ENG.mp4\"><i\r\n                        class=\"arrow_triangle-right\"><\/i><\/a>\r\n                            <\/div>\r\n                        <img decoding=\"async\" class=\"video_leaf\" src=\"https:\/\/www.collaborativeperks.com\/wp-content\/uploads\/2021\/02\/top-decoration.png\"\r\n                alt=\"\">\r\n                                    <img decoding=\"async\" class=\"cup\" src=\"https:\/\/www.collaborativeperks.com\/wp-content\/uploads\/2021\/02\/bottom-decoration.png\"\r\n                alt=\"\">\r\n                    <\/div>\r\n    <\/div>\r\n<\/section>\r\n\t\t\t\t<\/div>\n\t\t\t\t<\/div>\n\t\t\t\t\t<\/div>\n\t\t<\/div>\n\t\t\t\t\t<\/div>\n\t\t<\/section>\n\t\t\t\t<section class=\"elementor-section elementor-top-section elementor-element elementor-element-48a76f3 elementor-section-boxed elementor-section-height-default elementor-section-height-default\" data-id=\"48a76f3\" data-element_type=\"section\" data-e-type=\"section\" data-settings=\"{&quot;background_background&quot;:&quot;classic&quot;}\">\n\t\t\t\t\t\t<div class=\"elementor-container elementor-column-gap-default\">\n\t\t\t\t\t<div class=\"elementor-column elementor-col-50 elementor-top-column elementor-element elementor-element-210a9ac\" data-id=\"210a9ac\" data-element_type=\"column\" data-e-type=\"column\">\n\t\t\t<div class=\"elementor-widget-wrap elementor-element-populated\">\n\t\t\t\t\t\t<div class=\"elementor-element elementor-element-4f99b04 elementor-widget elementor-widget-heading\" data-id=\"4f99b04\" data-element_type=\"widget\" data-e-type=\"widget\" data-widget_type=\"heading.default\">\n\t\t\t\t<div class=\"elementor-widget-container\">\n\t\t\t\t\t<h2 class=\"elementor-heading-title elementor-size-default\">D\u00e9couvrez tous nos services<\/h2>\t\t\t\t<\/div>\n\t\t\t\t<\/div>\n\t\t\t\t<div class=\"elementor-element elementor-element-0ea32f8 elementor-widget elementor-widget-text-editor\" data-id=\"0ea32f8\" data-element_type=\"widget\" data-e-type=\"widget\" data-widget_type=\"text-editor.default\">\n\t\t\t\t<div class=\"elementor-widget-container\">\n\t\t\t\t\t\t\t\t\tRegardez notre vid\u00e9o avec tous les modules disponibles. <br><br>Apprenez-en plus sur nos services et d\u00e9couvrez <br> comment chacun d&#8217;entre eux fonctionne !\t\t\t\t\t\t\t\t<\/div>\n\t\t\t\t<\/div>\n\t\t\t\t\t<\/div>\n\t\t<\/div>\n\t\t\t\t<div class=\"elementor-column elementor-col-50 elementor-top-column elementor-element elementor-element-a6675e3\" data-id=\"a6675e3\" data-element_type=\"column\" data-e-type=\"column\">\n\t\t\t<div class=\"elementor-widget-wrap elementor-element-populated\">\n\t\t\t\t\t\t<div class=\"elementor-element elementor-element-41b3d35 elementor-widget elementor-widget-saasland_single_video\" data-id=\"41b3d35\" data-element_type=\"widget\" data-e-type=\"widget\" data-widget_type=\"saasland_single_video.default\">\n\t\t\t\t<div class=\"elementor-widget-container\">\n\t\t\t\t\t<section class=\"video_area\">\r\n    <div class=\"container\">\r\n        <div class=\"video_content\">\r\n            <div class=\"video_info\" style='background: url(https:\/\/www.collaborativeperks.com\/wp-content\/uploads\/2021\/02\/video-bg.jpg) no-repeat; background-size: cover;'>\r\n                <div class=\"ovarlay_color\"><\/div>\r\n                <a class=\"popup-youtube video_icon\" href=\"https:\/\/www.collaborativeperks.com\/wp-content\/uploads\/2022\/06\/CPERKS_FR2022.mp4\"><i\r\n                        class=\"arrow_triangle-right\"><\/i><\/a>\r\n                            <\/div>\r\n                                <\/div>\r\n    <\/div>\r\n<\/section>\r\n\t\t\t\t<\/div>\n\t\t\t\t<\/div>\n\t\t\t\t\t<\/div>\n\t\t<\/div>\n\t\t\t\t\t<\/div>\n\t\t<\/section>\n\t\t\t\t<\/div>\n\t\t","protected":false},"excerpt":{"rendered":"<p>En savoir plus sur notre nouveau produit, cours de yoga et de fitness en ligne D\u00e9couvrez tous nos services Regardez notre vid\u00e9o avec tous les modules disponibles. Apprenez-en plus sur nos services et d\u00e9couvrez comment chacun d&#8217;entre eux fonctionne !<\/p>\n","protected":false},"author":7,"featured_media":0,"parent":0,"menu_order":0,"comment_status":"closed","ping_status":"closed","template":"elementor_header_footer","meta":{"footnotes":""},"class_list":["post-31062","page","type-page","status-publish","hentry","no-post-thumbnail"],"acf":[],"yoast_head":"<!-- This site is optimized with the Yoast SEO plugin v27.4 - https:\/\/yoast.com\/product\/yoast-seo-wordpress\/ -->\n<title>Videos - Collaborative Perks<\/title>\n<meta name=\"robots\" content=\"index, follow, max-snippet:-1, max-image-preview:large, max-video-preview:-1\" \/>\n<link rel=\"canonical\" href=\"https:\/\/www.collaborativeperks.com\/fr\/videos\/\" \/>\n<meta property=\"og:locale\" content=\"fr_FR\" \/>\n<meta property=\"og:type\" content=\"article\" \/>\n<meta property=\"og:title\" content=\"Videos - Collaborative Perks\" \/>\n<meta property=\"og:description\" content=\"En savoir plus sur notre nouveau produit, cours de yoga et de fitness en ligne D\u00e9couvrez tous nos services Regardez notre vid\u00e9o avec tous les modules disponibles. Apprenez-en plus sur nos services et d\u00e9couvrez comment chacun d&#8217;entre eux fonctionne !\" \/>\n<meta property=\"og:url\" content=\"https:\/\/www.collaborativeperks.com\/fr\/videos\/\" \/>\n<meta property=\"og:site_name\" content=\"Collaborative Perks\" \/>\n<meta property=\"article:publisher\" content=\"https:\/\/facebook.com\/collabperks\" \/>\n<meta property=\"article:modified_time\" content=\"2025-06-05T09:17:59+00:00\" \/>\n<meta property=\"og:image\" content=\"https:\/\/www.collaborativeperks.com\/wp-content\/uploads\/2021\/02\/top-decoration.png\" \/>\n<meta name=\"twitter:card\" content=\"summary_large_image\" \/>\n<meta name=\"twitter:site\" content=\"@CollabPerks\" \/>\n<meta name=\"twitter:label1\" content=\"Dur\u00e9e de lecture estim\u00e9e\" \/>\n\t<meta name=\"twitter:data1\" content=\"1 minute\" \/>\n<script type=\"application\/ld+json\" class=\"yoast-schema-graph\">{\"@context\":\"https:\\\/\\\/schema.org\",\"@graph\":[{\"@type\":\"WebPage\",\"@id\":\"https:\\\/\\\/www.collaborativeperks.com\\\/fr\\\/videos\\\/\",\"url\":\"https:\\\/\\\/www.collaborativeperks.com\\\/fr\\\/videos\\\/\",\"name\":\"Videos - Collaborative Perks\",\"isPartOf\":{\"@id\":\"https:\\\/\\\/www.collaborativeperks.com\\\/#website\"},\"primaryImageOfPage\":{\"@id\":\"https:\\\/\\\/www.collaborativeperks.com\\\/fr\\\/videos\\\/#primaryimage\"},\"image\":{\"@id\":\"https:\\\/\\\/www.collaborativeperks.com\\\/fr\\\/videos\\\/#primaryimage\"},\"thumbnailUrl\":\"https:\\\/\\\/www.collaborativeperks.com\\\/wp-content\\\/uploads\\\/2021\\\/02\\\/top-decoration.png\",\"datePublished\":\"2019-04-02T11:17:33+00:00\",\"dateModified\":\"2025-06-05T09:17:59+00:00\",\"breadcrumb\":{\"@id\":\"https:\\\/\\\/www.collaborativeperks.com\\\/fr\\\/videos\\\/#breadcrumb\"},\"inLanguage\":\"fr-FR\",\"potentialAction\":[{\"@type\":\"ReadAction\",\"target\":[\"https:\\\/\\\/www.collaborativeperks.com\\\/fr\\\/videos\\\/\"]}]},{\"@type\":\"ImageObject\",\"inLanguage\":\"fr-FR\",\"@id\":\"https:\\\/\\\/www.collaborativeperks.com\\\/fr\\\/videos\\\/#primaryimage\",\"url\":\"https:\\\/\\\/www.collaborativeperks.com\\\/wp-content\\\/uploads\\\/2021\\\/02\\\/top-decoration.png\",\"contentUrl\":\"https:\\\/\\\/www.collaborativeperks.com\\\/wp-content\\\/uploads\\\/2021\\\/02\\\/top-decoration.png\"},{\"@type\":\"BreadcrumbList\",\"@id\":\"https:\\\/\\\/www.collaborativeperks.com\\\/fr\\\/videos\\\/#breadcrumb\",\"itemListElement\":[{\"@type\":\"ListItem\",\"position\":1,\"name\":\"Home\",\"item\":\"https:\\\/\\\/www.collaborativeperks.com\\\/es\\\/\"},{\"@type\":\"ListItem\",\"position\":2,\"name\":\"Videos\"}]},{\"@type\":\"WebSite\",\"@id\":\"https:\\\/\\\/www.collaborativeperks.com\\\/#website\",\"url\":\"https:\\\/\\\/www.collaborativeperks.com\\\/\",\"name\":\"Collaborative Perks\",\"description\":\"Innovative employee benefits\",\"publisher\":{\"@id\":\"https:\\\/\\\/www.collaborativeperks.com\\\/#organization\"},\"potentialAction\":[{\"@type\":\"SearchAction\",\"target\":{\"@type\":\"EntryPoint\",\"urlTemplate\":\"https:\\\/\\\/www.collaborativeperks.com\\\/?s={search_term_string}\"},\"query-input\":{\"@type\":\"PropertyValueSpecification\",\"valueRequired\":true,\"valueName\":\"search_term_string\"}}],\"inLanguage\":\"fr-FR\"},{\"@type\":\"Organization\",\"@id\":\"https:\\\/\\\/www.collaborativeperks.com\\\/#organization\",\"name\":\"Collaborative Perks\",\"url\":\"https:\\\/\\\/www.collaborativeperks.com\\\/\",\"logo\":{\"@type\":\"ImageObject\",\"inLanguage\":\"fr-FR\",\"@id\":\"https:\\\/\\\/www.collaborativeperks.com\\\/#\\\/schema\\\/logo\\\/image\\\/\",\"url\":\"\",\"contentUrl\":\"\",\"caption\":\"Collaborative Perks\"},\"image\":{\"@id\":\"https:\\\/\\\/www.collaborativeperks.com\\\/#\\\/schema\\\/logo\\\/image\\\/\"},\"sameAs\":[\"https:\\\/\\\/facebook.com\\\/collabperks\",\"https:\\\/\\\/x.com\\\/CollabPerks\",\"https:\\\/\\\/www.instagram.com\\\/collaborativeperks\\\/\",\"https:\\\/\\\/www.linkedin.com\\\/company\\\/collaborativeperks\\\/\"]}]}<\/script>\n<!-- \/ Yoast SEO plugin. -->","yoast_head_json":{"title":"Videos - Collaborative Perks","robots":{"index":"index","follow":"follow","max-snippet":"max-snippet:-1","max-image-preview":"max-image-preview:large","max-video-preview":"max-video-preview:-1"},"canonical":"https:\/\/www.collaborativeperks.com\/fr\/videos\/","og_locale":"fr_FR","og_type":"article","og_title":"Videos - Collaborative Perks","og_description":"En savoir plus sur notre nouveau produit, cours de yoga et de fitness en ligne D\u00e9couvrez tous nos services Regardez notre vid\u00e9o avec tous les modules disponibles. Apprenez-en plus sur nos services et d\u00e9couvrez comment chacun d&#8217;entre eux fonctionne !","og_url":"https:\/\/www.collaborativeperks.com\/fr\/videos\/","og_site_name":"Collaborative Perks","article_publisher":"https:\/\/facebook.com\/collabperks","article_modified_time":"2025-06-05T09:17:59+00:00","og_image":[{"url":"https:\/\/www.collaborativeperks.com\/wp-content\/uploads\/2021\/02\/top-decoration.png","type":"","width":"","height":""}],"twitter_card":"summary_large_image","twitter_site":"@CollabPerks","twitter_misc":{"Dur\u00e9e de lecture estim\u00e9e":"1 minute"},"schema":{"@context":"https:\/\/schema.org","@graph":[{"@type":"WebPage","@id":"https:\/\/www.collaborativeperks.com\/fr\/videos\/","url":"https:\/\/www.collaborativeperks.com\/fr\/videos\/","name":"Videos - Collaborative Perks","isPartOf":{"@id":"https:\/\/www.collaborativeperks.com\/#website"},"primaryImageOfPage":{"@id":"https:\/\/www.collaborativeperks.com\/fr\/videos\/#primaryimage"},"image":{"@id":"https:\/\/www.collaborativeperks.com\/fr\/videos\/#primaryimage"},"thumbnailUrl":"https:\/\/www.collaborativeperks.com\/wp-content\/uploads\/2021\/02\/top-decoration.png","datePublished":"2019-04-02T11:17:33+00:00","dateModified":"2025-06-05T09:17:59+00:00","breadcrumb":{"@id":"https:\/\/www.collaborativeperks.com\/fr\/videos\/#breadcrumb"},"inLanguage":"fr-FR","potentialAction":[{"@type":"ReadAction","target":["https:\/\/www.collaborativeperks.com\/fr\/videos\/"]}]},{"@type":"ImageObject","inLanguage":"fr-FR","@id":"https:\/\/www.collaborativeperks.com\/fr\/videos\/#primaryimage","url":"https:\/\/www.collaborativeperks.com\/wp-content\/uploads\/2021\/02\/top-decoration.png","contentUrl":"https:\/\/www.collaborativeperks.com\/wp-content\/uploads\/2021\/02\/top-decoration.png"},{"@type":"BreadcrumbList","@id":"https:\/\/www.collaborativeperks.com\/fr\/videos\/#breadcrumb","itemListElement":[{"@type":"ListItem","position":1,"name":"Home","item":"https:\/\/www.collaborativeperks.com\/es\/"},{"@type":"ListItem","position":2,"name":"Videos"}]},{"@type":"WebSite","@id":"https:\/\/www.collaborativeperks.com\/#website","url":"https:\/\/www.collaborativeperks.com\/","name":"Collaborative Perks","description":"Innovative employee benefits","publisher":{"@id":"https:\/\/www.collaborativeperks.com\/#organization"},"potentialAction":[{"@type":"SearchAction","target":{"@type":"EntryPoint","urlTemplate":"https:\/\/www.collaborativeperks.com\/?s={search_term_string}"},"query-input":{"@type":"PropertyValueSpecification","valueRequired":true,"valueName":"search_term_string"}}],"inLanguage":"fr-FR"},{"@type":"Organization","@id":"https:\/\/www.collaborativeperks.com\/#organization","name":"Collaborative Perks","url":"https:\/\/www.collaborativeperks.com\/","logo":{"@type":"ImageObject","inLanguage":"fr-FR","@id":"https:\/\/www.collaborativeperks.com\/#\/schema\/logo\/image\/","url":"","contentUrl":"","caption":"Collaborative Perks"},"image":{"@id":"https:\/\/www.collaborativeperks.com\/#\/schema\/logo\/image\/"},"sameAs":["https:\/\/facebook.com\/collabperks","https:\/\/x.com\/CollabPerks","https:\/\/www.instagram.com\/collaborativeperks\/","https:\/\/www.linkedin.com\/company\/collaborativeperks\/"]}]}},"_links":{"self":[{"href":"https:\/\/www.collaborativeperks.com\/fr\/wp-json\/wp\/v2\/pages\/31062","targetHints":{"allow":["GET"]}}],"collection":[{"href":"https:\/\/www.collaborativeperks.com\/fr\/wp-json\/wp\/v2\/pages"}],"about":[{"href":"https:\/\/www.collaborativeperks.com\/fr\/wp-json\/wp\/v2\/types\/page"}],"author":[{"embeddable":true,"href":"https:\/\/www.collaborativeperks.com\/fr\/wp-json\/wp\/v2\/users\/7"}],"replies":[{"embeddable":true,"href":"https:\/\/www.collaborativeperks.com\/fr\/wp-json\/wp\/v2\/comments?post=31062"}],"version-history":[{"count":30,"href":"https:\/\/www.collaborativeperks.com\/fr\/wp-json\/wp\/v2\/pages\/31062\/revisions"}],"predecessor-version":[{"id":38450,"href":"https:\/\/www.collaborativeperks.com\/fr\/wp-json\/wp\/v2\/pages\/31062\/revisions\/38450"}],"wp:attachment":[{"href":"https:\/\/www.collaborativeperks.com\/fr\/wp-json\/wp\/v2\/media?parent=31062"}],"curies":[{"name":"wp","href":"https:\/\/api.w.org\/{rel}","templated":true}]}}