{"id":31197,"date":"2021-02-03T10:01:19","date_gmt":"2021-02-03T09:01:19","guid":{"rendered":"https:\/\/www.collaborativeperks.com\/?page_id=31197"},"modified":"2021-10-01T10:48:21","modified_gmt":"2021-10-01T09:48:21","slug":"emplois","status":"publish","type":"page","link":"https:\/\/www.collaborativeperks.com\/fr\/emplois\/","title":{"rendered":"Emplois"},"content":{"rendered":"\t\t<div data-elementor-type=\"wp-post\" data-elementor-id=\"31197\" class=\"elementor elementor-31197 elementor-1434\">\n\t\t\t\t\t\t<section class=\"elementor-section elementor-top-section elementor-element elementor-element-85a37ff elementor-section-boxed elementor-section-height-default elementor-section-height-default\" data-id=\"85a37ff\" data-element_type=\"section\" data-e-type=\"section\">\n\t\t\t\t\t\t<div class=\"elementor-container elementor-column-gap-extended\">\n\t\t\t\t\t<div class=\"elementor-column elementor-col-50 elementor-top-column elementor-element elementor-element-dd3d8f6\" data-id=\"dd3d8f6\" data-element_type=\"column\" data-e-type=\"column\">\n\t\t\t<div class=\"elementor-widget-wrap elementor-element-populated\">\n\t\t\t\t\t\t<div class=\"elementor-element elementor-element-306b525 elementor-widget elementor-widget-heading\" data-id=\"306b525\" data-element_type=\"widget\" data-e-type=\"widget\" data-widget_type=\"heading.default\">\n\t\t\t\t<div class=\"elementor-widget-container\">\n\t\t\t\t\t<h2 class=\"elementor-heading-title elementor-size-default\">Rejoignez Collaborative Perks<\/h2>\t\t\t\t<\/div>\n\t\t\t\t<\/div>\n\t\t\t\t<div class=\"elementor-element elementor-element-bd57dc9 elementor-widget elementor-widget-text-editor\" data-id=\"bd57dc9\" data-element_type=\"widget\" data-e-type=\"widget\" data-widget_type=\"text-editor.default\">\n\t\t\t\t<div class=\"elementor-widget-container\">\n\t\t\t\t\t\t\t\t\t<p>Nous sommes toujours \u00e0 la recherche de nouveaux talents ! \u00cates-vous pr\u00eat \u00e0 travailler dans une \u00e9quipe dynamique ? Pouvez-vous assumer des responsabilit\u00e9s ? \u00cates-vous pr\u00eat \u00e0 viser la perfection ? Si votre r\u00e9ponse \u00e0 toutes ces questions est Oui, alors nous vous invitons \u00e0 poser votre candidature pour rejoindre la famille de Collaborative Perks.<\/p><p>\u00a0<\/p><p>Travailler chez Collaborative Perks signifie travailler dans un environnement en constante \u00e9volution. Notre \u00e9quipe est internationale, jeune et ambitieuse et est toujours pr\u00eate pour de nouvelles aventures. Nous sommes des professionnels qui innovent et r\u00e9inventons constamment la fa\u00e7on dont les employ\u00e9s se connectent au niveau mondial !<\/p>\t\t\t\t\t\t\t\t<\/div>\n\t\t\t\t<\/div>\n\t\t\t\t\t<\/div>\n\t\t<\/div>\n\t\t\t\t<div class=\"elementor-column elementor-col-50 elementor-top-column elementor-element elementor-element-c583b73\" data-id=\"c583b73\" data-element_type=\"column\" data-e-type=\"column\">\n\t\t\t<div class=\"elementor-widget-wrap\">\n\t\t\t\t\t\t\t<\/div>\n\t\t<\/div>\n\t\t\t\t\t<\/div>\n\t\t<\/section>\n\t\t\t\t<section class=\"elementor-section elementor-top-section elementor-element elementor-element-f331b1c elementor-section-boxed elementor-section-height-default elementor-section-height-default\" data-id=\"f331b1c\" data-element_type=\"section\" data-e-type=\"section\">\n\t\t\t\t\t\t<div class=\"elementor-container elementor-column-gap-default\">\n\t\t\t\t\t<div class=\"elementor-column elementor-col-100 elementor-top-column elementor-element elementor-element-fea1349\" data-id=\"fea1349\" data-element_type=\"column\" data-e-type=\"column\">\n\t\t\t<div class=\"elementor-widget-wrap elementor-element-populated\">\n\t\t\t\t\t\t<div class=\"elementor-element elementor-element-fdb2fbe elementor-widget elementor-widget-saasland_jobs\" data-id=\"fdb2fbe\" data-element_type=\"widget\" data-e-type=\"widget\" data-widget_type=\"saasland_jobs.default\">\n\t\t\t\t<div class=\"elementor-widget-container\">\n\t\t\t\t\t\r\n        <div class=\"job_listing\">\r\n                            <h3 class=\"f_p f_size_24 l_height28 f_500 t_color3 mb-30\"> Offres d'emploi <\/h3>\r\n                        <div id=\"job_filter\" class=\"job_list_tab\">\r\n                <div data-filter=\"*\" class=\"list_item_tab active\"> Tout <\/div>\r\n                            <\/div>\r\n            <div class=\"listing_tab\" id=\"tab_filter\">\r\n                            <\/div>\r\n\r\n            \r\n        <\/div>\r\n        \t\t\t\t<\/div>\n\t\t\t\t<\/div>\n\t\t\t\t\t<\/div>\n\t\t<\/div>\n\t\t\t\t\t<\/div>\n\t\t<\/section>\n\t\t\t\t<\/div>\n\t\t","protected":false},"excerpt":{"rendered":"<p>Rejoignez Collaborative Perks Nous sommes toujours \u00e0 la recherche de nouveaux talents ! \u00cates-vous pr\u00eat \u00e0 travailler dans une \u00e9quipe dynamique ? Pouvez-vous assumer des responsabilit\u00e9s ? \u00cates-vous pr\u00eat \u00e0 viser la perfection ? Si votre r\u00e9ponse \u00e0 toutes ces questions est Oui, alors nous vous invitons \u00e0 poser votre candidature pour rejoindre la famille&#8230;<\/p>\n","protected":false},"author":7,"featured_media":0,"parent":0,"menu_order":0,"comment_status":"closed","ping_status":"closed","template":"elementor_header_footer","meta":{"footnotes":""},"class_list":["post-31197","page","type-page","status-publish","hentry","no-post-thumbnail"],"acf":[],"yoast_head":"<!-- This site is optimized with the Yoast SEO plugin v27.5 - https:\/\/yoast.com\/product\/yoast-seo-wordpress\/ -->\n<title>Emplois - Collaborative Perks<\/title>\n<meta name=\"robots\" content=\"index, follow, max-snippet:-1, max-image-preview:large, max-video-preview:-1\" \/>\n<link rel=\"canonical\" href=\"https:\/\/www.collaborativeperks.com\/fr\/emplois\/\" \/>\n<meta property=\"og:locale\" content=\"fr_FR\" \/>\n<meta property=\"og:type\" content=\"article\" \/>\n<meta property=\"og:title\" content=\"Emplois - Collaborative Perks\" \/>\n<meta property=\"og:description\" content=\"Rejoignez Collaborative Perks Nous sommes toujours \u00e0 la recherche de nouveaux talents ! \u00cates-vous pr\u00eat \u00e0 travailler dans une \u00e9quipe dynamique ? Pouvez-vous assumer des responsabilit\u00e9s ? \u00cates-vous pr\u00eat \u00e0 viser la perfection ? Si votre r\u00e9ponse \u00e0 toutes ces questions est Oui, alors nous vous invitons \u00e0 poser votre candidature pour rejoindre la famille...\" \/>\n<meta property=\"og:url\" content=\"https:\/\/www.collaborativeperks.com\/fr\/emplois\/\" \/>\n<meta property=\"og:site_name\" content=\"Collaborative Perks\" \/>\n<meta property=\"article:publisher\" content=\"https:\/\/facebook.com\/collabperks\" \/>\n<meta property=\"article:modified_time\" content=\"2021-10-01T09:48:21+00:00\" \/>\n<meta name=\"twitter:card\" content=\"summary_large_image\" \/>\n<meta name=\"twitter:site\" content=\"@CollabPerks\" \/>\n<meta name=\"twitter:label1\" content=\"Dur\u00e9e de lecture estim\u00e9e\" \/>\n\t<meta name=\"twitter:data1\" content=\"1 minute\" \/>\n<script type=\"application\/ld+json\" class=\"yoast-schema-graph\">{\"@context\":\"https:\\\/\\\/schema.org\",\"@graph\":[{\"@type\":\"WebPage\",\"@id\":\"https:\\\/\\\/www.collaborativeperks.com\\\/fr\\\/emplois\\\/\",\"url\":\"https:\\\/\\\/www.collaborativeperks.com\\\/fr\\\/emplois\\\/\",\"name\":\"Emplois - Collaborative Perks\",\"isPartOf\":{\"@id\":\"https:\\\/\\\/www.collaborativeperks.com\\\/#website\"},\"datePublished\":\"2021-02-03T09:01:19+00:00\",\"dateModified\":\"2021-10-01T09:48:21+00:00\",\"breadcrumb\":{\"@id\":\"https:\\\/\\\/www.collaborativeperks.com\\\/fr\\\/emplois\\\/#breadcrumb\"},\"inLanguage\":\"fr-FR\",\"potentialAction\":[{\"@type\":\"ReadAction\",\"target\":[\"https:\\\/\\\/www.collaborativeperks.com\\\/fr\\\/emplois\\\/\"]}]},{\"@type\":\"BreadcrumbList\",\"@id\":\"https:\\\/\\\/www.collaborativeperks.com\\\/fr\\\/emplois\\\/#breadcrumb\",\"itemListElement\":[{\"@type\":\"ListItem\",\"position\":1,\"name\":\"Home\",\"item\":\"https:\\\/\\\/www.collaborativeperks.com\\\/es\\\/\"},{\"@type\":\"ListItem\",\"position\":2,\"name\":\"Emplois\"}]},{\"@type\":\"WebSite\",\"@id\":\"https:\\\/\\\/www.collaborativeperks.com\\\/#website\",\"url\":\"https:\\\/\\\/www.collaborativeperks.com\\\/\",\"name\":\"Collaborative Perks\",\"description\":\"Innovative employee benefits\",\"publisher\":{\"@id\":\"https:\\\/\\\/www.collaborativeperks.com\\\/#organization\"},\"potentialAction\":[{\"@type\":\"SearchAction\",\"target\":{\"@type\":\"EntryPoint\",\"urlTemplate\":\"https:\\\/\\\/www.collaborativeperks.com\\\/?s={search_term_string}\"},\"query-input\":{\"@type\":\"PropertyValueSpecification\",\"valueRequired\":true,\"valueName\":\"search_term_string\"}}],\"inLanguage\":\"fr-FR\"},{\"@type\":\"Organization\",\"@id\":\"https:\\\/\\\/www.collaborativeperks.com\\\/#organization\",\"name\":\"Collaborative Perks\",\"url\":\"https:\\\/\\\/www.collaborativeperks.com\\\/\",\"logo\":{\"@type\":\"ImageObject\",\"inLanguage\":\"fr-FR\",\"@id\":\"https:\\\/\\\/www.collaborativeperks.com\\\/#\\\/schema\\\/logo\\\/image\\\/\",\"url\":\"\",\"contentUrl\":\"\",\"caption\":\"Collaborative Perks\"},\"image\":{\"@id\":\"https:\\\/\\\/www.collaborativeperks.com\\\/#\\\/schema\\\/logo\\\/image\\\/\"},\"sameAs\":[\"https:\\\/\\\/facebook.com\\\/collabperks\",\"https:\\\/\\\/x.com\\\/CollabPerks\",\"https:\\\/\\\/www.instagram.com\\\/collaborativeperks\\\/\",\"https:\\\/\\\/www.linkedin.com\\\/company\\\/collaborativeperks\\\/\"]}]}<\/script>\n<!-- \/ Yoast SEO plugin. -->","yoast_head_json":{"title":"Emplois - Collaborative Perks","robots":{"index":"index","follow":"follow","max-snippet":"max-snippet:-1","max-image-preview":"max-image-preview:large","max-video-preview":"max-video-preview:-1"},"canonical":"https:\/\/www.collaborativeperks.com\/fr\/emplois\/","og_locale":"fr_FR","og_type":"article","og_title":"Emplois - Collaborative Perks","og_description":"Rejoignez Collaborative Perks Nous sommes toujours \u00e0 la recherche de nouveaux talents ! \u00cates-vous pr\u00eat \u00e0 travailler dans une \u00e9quipe dynamique ? Pouvez-vous assumer des responsabilit\u00e9s ? \u00cates-vous pr\u00eat \u00e0 viser la perfection ? Si votre r\u00e9ponse \u00e0 toutes ces questions est Oui, alors nous vous invitons \u00e0 poser votre candidature pour rejoindre la famille...","og_url":"https:\/\/www.collaborativeperks.com\/fr\/emplois\/","og_site_name":"Collaborative Perks","article_publisher":"https:\/\/facebook.com\/collabperks","article_modified_time":"2021-10-01T09:48:21+00:00","twitter_card":"summary_large_image","twitter_site":"@CollabPerks","twitter_misc":{"Dur\u00e9e de lecture estim\u00e9e":"1 minute"},"schema":{"@context":"https:\/\/schema.org","@graph":[{"@type":"WebPage","@id":"https:\/\/www.collaborativeperks.com\/fr\/emplois\/","url":"https:\/\/www.collaborativeperks.com\/fr\/emplois\/","name":"Emplois - Collaborative Perks","isPartOf":{"@id":"https:\/\/www.collaborativeperks.com\/#website"},"datePublished":"2021-02-03T09:01:19+00:00","dateModified":"2021-10-01T09:48:21+00:00","breadcrumb":{"@id":"https:\/\/www.collaborativeperks.com\/fr\/emplois\/#breadcrumb"},"inLanguage":"fr-FR","potentialAction":[{"@type":"ReadAction","target":["https:\/\/www.collaborativeperks.com\/fr\/emplois\/"]}]},{"@type":"BreadcrumbList","@id":"https:\/\/www.collaborativeperks.com\/fr\/emplois\/#breadcrumb","itemListElement":[{"@type":"ListItem","position":1,"name":"Home","item":"https:\/\/www.collaborativeperks.com\/es\/"},{"@type":"ListItem","position":2,"name":"Emplois"}]},{"@type":"WebSite","@id":"https:\/\/www.collaborativeperks.com\/#website","url":"https:\/\/www.collaborativeperks.com\/","name":"Collaborative Perks","description":"Innovative employee benefits","publisher":{"@id":"https:\/\/www.collaborativeperks.com\/#organization"},"potentialAction":[{"@type":"SearchAction","target":{"@type":"EntryPoint","urlTemplate":"https:\/\/www.collaborativeperks.com\/?s={search_term_string}"},"query-input":{"@type":"PropertyValueSpecification","valueRequired":true,"valueName":"search_term_string"}}],"inLanguage":"fr-FR"},{"@type":"Organization","@id":"https:\/\/www.collaborativeperks.com\/#organization","name":"Collaborative Perks","url":"https:\/\/www.collaborativeperks.com\/","logo":{"@type":"ImageObject","inLanguage":"fr-FR","@id":"https:\/\/www.collaborativeperks.com\/#\/schema\/logo\/image\/","url":"","contentUrl":"","caption":"Collaborative Perks"},"image":{"@id":"https:\/\/www.collaborativeperks.com\/#\/schema\/logo\/image\/"},"sameAs":["https:\/\/facebook.com\/collabperks","https:\/\/x.com\/CollabPerks","https:\/\/www.instagram.com\/collaborativeperks\/","https:\/\/www.linkedin.com\/company\/collaborativeperks\/"]}]}},"_links":{"self":[{"href":"https:\/\/www.collaborativeperks.com\/fr\/wp-json\/wp\/v2\/pages\/31197","targetHints":{"allow":["GET"]}}],"collection":[{"href":"https:\/\/www.collaborativeperks.com\/fr\/wp-json\/wp\/v2\/pages"}],"about":[{"href":"https:\/\/www.collaborativeperks.com\/fr\/wp-json\/wp\/v2\/types\/page"}],"author":[{"embeddable":true,"href":"https:\/\/www.collaborativeperks.com\/fr\/wp-json\/wp\/v2\/users\/7"}],"replies":[{"embeddable":true,"href":"https:\/\/www.collaborativeperks.com\/fr\/wp-json\/wp\/v2\/comments?post=31197"}],"version-history":[{"count":0,"href":"https:\/\/www.collaborativeperks.com\/fr\/wp-json\/wp\/v2\/pages\/31197\/revisions"}],"wp:attachment":[{"href":"https:\/\/www.collaborativeperks.com\/fr\/wp-json\/wp\/v2\/media?parent=31197"}],"curies":[{"name":"wp","href":"https:\/\/api.w.org\/{rel}","templated":true}]}}