{"id":31620,"date":"2021-02-05T12:48:20","date_gmt":"2021-02-05T11:48:20","guid":{"rendered":"https:\/\/www.collaborativeperks.com\/?page_id=31620"},"modified":"2021-07-08T08:09:54","modified_gmt":"2021-07-08T07:09:54","slug":"kontakt","status":"publish","type":"page","link":"https:\/\/www.collaborativeperks.com\/pl\/kontakt\/","title":{"rendered":"Kontakt"},"content":{"rendered":"\t\t<div data-elementor-type=\"wp-post\" data-elementor-id=\"31620\" class=\"elementor elementor-31620 elementor-1242\">\n\t\t\t\t\t\t<section class=\"elementor-section elementor-top-section elementor-element elementor-element-691cb90 elementor-section-boxed elementor-section-height-default elementor-section-height-default\" data-id=\"691cb90\" data-element_type=\"section\" data-e-type=\"section\">\n\t\t\t\t\t\t<div class=\"elementor-container elementor-column-gap-no\">\n\t\t\t\t\t<div class=\"elementor-column elementor-col-33 elementor-top-column elementor-element elementor-element-bf4f367\" data-id=\"bf4f367\" data-element_type=\"column\" data-e-type=\"column\">\n\t\t\t<div class=\"elementor-widget-wrap\">\n\t\t\t\t\t\t\t<\/div>\n\t\t<\/div>\n\t\t\t\t<div class=\"elementor-column elementor-col-66 elementor-top-column elementor-element elementor-element-c8ea1a3\" data-id=\"c8ea1a3\" data-element_type=\"column\" data-e-type=\"column\">\n\t\t\t<div class=\"elementor-widget-wrap elementor-element-populated\">\n\t\t\t\t\t\t<div class=\"elementor-element elementor-element-9401970 elementor-widget elementor-widget-heading\" data-id=\"9401970\" data-element_type=\"widget\" data-e-type=\"widget\" data-widget_type=\"heading.default\">\n\t\t\t\t<div class=\"elementor-widget-container\">\n\t\t\t\t\t<h2 class=\"elementor-heading-title elementor-size-default\">Podziel si\u0119 z nami swoimi spostrze\u017ceniami i komentarzami<\/h2>\t\t\t\t<\/div>\n\t\t\t\t<\/div>\n\t\t\t\t\t<\/div>\n\t\t<\/div>\n\t\t\t\t\t<\/div>\n\t\t<\/section>\n\t\t\t\t<section class=\"elementor-section elementor-top-section elementor-element elementor-element-180794e elementor-section-boxed elementor-section-height-default elementor-section-height-default\" data-id=\"180794e\" data-element_type=\"section\" data-e-type=\"section\">\n\t\t\t\t\t\t<div class=\"elementor-container elementor-column-gap-no\">\n\t\t\t\t\t<div class=\"elementor-column elementor-col-33 elementor-top-column elementor-element elementor-element-ef024e5\" data-id=\"ef024e5\" data-element_type=\"column\" data-e-type=\"column\">\n\t\t\t<div class=\"elementor-widget-wrap elementor-element-populated\">\n\t\t\t\t\t\t<section class=\"elementor-section elementor-inner-section elementor-element elementor-element-4a57337 elementor-section-boxed elementor-section-height-default elementor-section-height-default\" data-id=\"4a57337\" data-element_type=\"section\" data-e-type=\"section\">\n\t\t\t\t\t\t<div class=\"elementor-container elementor-column-gap-no\">\n\t\t\t\t\t<div class=\"elementor-column elementor-col-100 elementor-inner-column elementor-element elementor-element-86f9184\" data-id=\"86f9184\" data-element_type=\"column\" data-e-type=\"column\">\n\t\t\t<div class=\"elementor-widget-wrap elementor-element-populated\">\n\t\t\t\t\t\t<div class=\"elementor-element elementor-element-56b1193 elementor-widget elementor-widget-heading\" data-id=\"56b1193\" data-element_type=\"widget\" data-e-type=\"widget\" data-widget_type=\"heading.default\">\n\t\t\t\t<div class=\"elementor-widget-container\">\n\t\t\t\t\t<h2 class=\"elementor-heading-title elementor-size-default\">Informacje kontaktowe<\/h2>\t\t\t\t<\/div>\n\t\t\t\t<\/div>\n\t\t\t\t<div class=\"elementor-element elementor-element-6855b97 elementor-widget elementor-widget-text-editor\" data-id=\"6855b97\" data-element_type=\"widget\" data-e-type=\"widget\" data-widget_type=\"text-editor.default\">\n\t\t\t\t<div class=\"elementor-widget-container\">\n\t\t\t\t\t\t\t\t\t<p class=\"f_300 f_size_15\"><span class=\"f_400 t_color3\"><span data-sheets-value=\"{\" data-sheets-userformat=\"{\">Telefon<\/span>:<br \/><\/span>(+33) 970 44 90 88 (EN &amp; FR)<br \/>(+34) 91 23 22 666 (ES)\u00a0<br \/>(+1) 917 512 4137 (EN)<\/p><p class=\"f_300 f_size_15\"><span class=\"f_400 t_color3\">Email:<\/span> <a href=\"mailto:info@collaborativeperks.com\">info@collaborativeperks.com<\/a><\/p>\t\t\t\t\t\t\t\t<\/div>\n\t\t\t\t<\/div>\n\t\t\t\t<div class=\"elementor-element elementor-element-d5cb0a6 elementor-widget-divider--view-line elementor-widget elementor-widget-divider\" data-id=\"d5cb0a6\" data-element_type=\"widget\" data-e-type=\"widget\" data-widget_type=\"divider.default\">\n\t\t\t\t<div class=\"elementor-widget-container\">\n\t\t\t\t\t\t\t<div class=\"elementor-divider\">\n\t\t\t<span class=\"elementor-divider-separator\">\n\t\t\t\t\t\t<\/span>\n\t\t<\/div>\n\t\t\t\t\t\t<\/div>\n\t\t\t\t<\/div>\n\t\t\t\t\t<\/div>\n\t\t<\/div>\n\t\t\t\t\t<\/div>\n\t\t<\/section>\n\t\t\t\t<section class=\"elementor-section elementor-inner-section elementor-element elementor-element-47ad945 elementor-section-boxed elementor-section-height-default elementor-section-height-default\" data-id=\"47ad945\" data-element_type=\"section\" data-e-type=\"section\">\n\t\t\t\t\t\t<div class=\"elementor-container elementor-column-gap-no\">\n\t\t\t\t\t<div class=\"elementor-column elementor-col-100 elementor-inner-column elementor-element elementor-element-0e95b76\" data-id=\"0e95b76\" data-element_type=\"column\" data-e-type=\"column\">\n\t\t\t<div class=\"elementor-widget-wrap elementor-element-populated\">\n\t\t\t\t\t\t<div class=\"elementor-element elementor-element-8b83c78 elementor-widget elementor-widget-heading\" data-id=\"8b83c78\" data-element_type=\"widget\" data-e-type=\"widget\" data-widget_type=\"heading.default\">\n\t\t\t\t<div class=\"elementor-widget-container\">\n\t\t\t\t\t<h2 class=\"elementor-heading-title elementor-size-default\">Biuro we Francji<\/h2>\t\t\t\t<\/div>\n\t\t\t\t<\/div>\n\t\t\t\t<div class=\"elementor-element elementor-element-54778ba elementor-widget elementor-widget-text-editor\" data-id=\"54778ba\" data-element_type=\"widget\" data-e-type=\"widget\" data-widget_type=\"text-editor.default\">\n\t\t\t\t<div class=\"elementor-widget-container\">\n\t\t\t\t\t\t\t\t\t<span style=\"letter-spacing: 0px;\">14, rue Ernest Psichari<\/span><br>\n<span style=\"letter-spacing: 0px;\">75007 Paris, France<\/span>\t\t\t\t\t\t\t\t<\/div>\n\t\t\t\t<\/div>\n\t\t\t\t<div class=\"elementor-element elementor-element-747e195 elementor-widget elementor-widget-google_maps\" data-id=\"747e195\" data-element_type=\"widget\" data-e-type=\"widget\" data-widget_type=\"google_maps.default\">\n\t\t\t\t<div class=\"elementor-widget-container\">\n\t\t\t\t\t\t\t<div class=\"elementor-custom-embed\">\n\t\t\t<iframe loading=\"lazy\"\n\t\t\t\t\tsrc=\"https:\/\/maps.google.com\/maps?q=14%20rue%20ernest%20psichari%2075007&#038;t=m&#038;z=16&#038;output=embed&#038;iwloc=near\"\n\t\t\t\t\ttitle=\"14 rue ernest psichari 75007\"\n\t\t\t\t\taria-label=\"14 rue ernest psichari 75007\"\n\t\t\t><\/iframe>\n\t\t<\/div>\n\t\t\t\t\t\t<\/div>\n\t\t\t\t<\/div>\n\t\t\t\t<div class=\"elementor-element elementor-element-f89a79b elementor-widget-divider--view-line elementor-widget elementor-widget-divider\" data-id=\"f89a79b\" data-element_type=\"widget\" data-e-type=\"widget\" data-widget_type=\"divider.default\">\n\t\t\t\t<div class=\"elementor-widget-container\">\n\t\t\t\t\t\t\t<div class=\"elementor-divider\">\n\t\t\t<span class=\"elementor-divider-separator\">\n\t\t\t\t\t\t<\/span>\n\t\t<\/div>\n\t\t\t\t\t\t<\/div>\n\t\t\t\t<\/div>\n\t\t\t\t\t<\/div>\n\t\t<\/div>\n\t\t\t\t\t<\/div>\n\t\t<\/section>\n\t\t\t\t\t<\/div>\n\t\t<\/div>\n\t\t\t\t<div class=\"elementor-column elementor-col-66 elementor-top-column elementor-element elementor-element-14ac8ef\" data-id=\"14ac8ef\" data-element_type=\"column\" data-e-type=\"column\">\n\t\t\t<div class=\"elementor-widget-wrap elementor-element-populated\">\n\t\t\t\t\t\t<div class=\"elementor-element elementor-element-e37d02d elementor-widget elementor-widget-shortcode\" data-id=\"e37d02d\" data-element_type=\"widget\" data-e-type=\"widget\" data-widget_type=\"shortcode.default\">\n\t\t\t\t<div class=\"elementor-widget-container\">\n\t\t\t\t\t\t\t<div class=\"elementor-shortcode\">\n<div class=\"wpcf7 no-js\" id=\"wpcf7-f8136-o1\" lang=\"en-US\" dir=\"ltr\" data-wpcf7-id=\"8136\">\n<div class=\"screen-reader-response\"><p role=\"status\" aria-live=\"polite\" aria-atomic=\"true\"><\/p> <ul><\/ul><\/div>\n<form action=\"\/pl\/wp-json\/wp\/v2\/pages\/31620#wpcf7-f8136-o1\" method=\"post\" class=\"wpcf7-form init\" aria-label=\"Contact form\" novalidate=\"novalidate\" data-status=\"init\">\n<fieldset class=\"hidden-fields-container\"><input type=\"hidden\" name=\"_wpcf7\" value=\"8136\" \/><input type=\"hidden\" name=\"_wpcf7_version\" value=\"6.1.5\" \/><input type=\"hidden\" name=\"_wpcf7_locale\" value=\"en_US\" \/><input type=\"hidden\" name=\"_wpcf7_unit_tag\" value=\"wpcf7-f8136-o1\" \/><input type=\"hidden\" name=\"_wpcf7_container_post\" value=\"0\" \/><input type=\"hidden\" name=\"_wpcf7_posted_data_hash\" value=\"\" \/><input type=\"hidden\" name=\"_wpcf7_recaptcha_response\" value=\"\" \/>\n<\/fieldset>\n<p><span class=\"wpcf7-form-control-wrap\" data-name=\"text-870\"><input size=\"40\" maxlength=\"400\" class=\"wpcf7-form-control wpcf7-text wpcf7-validates-as-required\" aria-required=\"true\" aria-invalid=\"false\" placeholder=\"Pe\u0142ne imi\u0119\" value=\"\" type=\"text\" name=\"text-870\" \/><\/span><br \/>\n<span class=\"wpcf7-form-control-wrap\" data-name=\"email-724\"><input size=\"40\" maxlength=\"400\" class=\"wpcf7-form-control wpcf7-email wpcf7-validates-as-required wpcf7-text wpcf7-validates-as-email\" aria-required=\"true\" aria-invalid=\"false\" placeholder=\"E-mail\" value=\"\" type=\"email\" name=\"email-724\" \/><\/span><br \/>\n<span class=\"wpcf7-form-control-wrap\" data-name=\"text-674\"><input size=\"40\" maxlength=\"400\" class=\"wpcf7-form-control wpcf7-text wpcf7-validates-as-required\" aria-required=\"true\" aria-invalid=\"false\" placeholder=\"Tytu\u0142\" value=\"\" type=\"text\" name=\"text-674\" \/><\/span><br \/>\n<span class=\"wpcf7-form-control-wrap\" data-name=\"textarea-976\"><textarea cols=\"40\" rows=\"10\" maxlength=\"2000\" class=\"wpcf7-form-control wpcf7-textarea wpcf7-validates-as-required\" aria-required=\"true\" aria-invalid=\"false\" placeholder=\"Napisz swoj\u0105 wiadomo\u015b\u0107\" name=\"textarea-976\"><\/textarea><\/span><br \/>\n<span class=\"wpcf7-form-control-wrap\" data-name=\"acceptance-450\"><span class=\"wpcf7-form-control wpcf7-acceptance\"><span class=\"wpcf7-list-item\"><label><input type=\"checkbox\" name=\"acceptance-450\" value=\"1\" class=\"form-acceptance\" aria-invalid=\"false\" \/><span class=\"wpcf7-list-item-label\">Przesy\u0142aj\u0105c ten formularz, potwierdzasz, \u017ce przeczyta\u0142e\u015b i zgadzasz si\u0119 z <a href=\"https:\/\/www.collaborativeperks.com\/pl\/privacy-policy\/\">Warunkami u\u017cytkowania oraz Zasadami zachowania poufno\u015bci. <\/a><\/span><\/label><\/span><\/span><\/span><br \/>\n<input class=\"wpcf7-form-control wpcf7-submit has-spinner contactform_submit\" type=\"submit\" value=\"zaznacz\" \/>\n<\/p><div class=\"wpcf7-response-output\" aria-hidden=\"true\"><\/div>\n<\/form>\n<\/div>\n<\/div>\n\t\t\t\t\t\t<\/div>\n\t\t\t\t<\/div>\n\t\t\t\t\t<\/div>\n\t\t<\/div>\n\t\t\t\t\t<\/div>\n\t\t<\/section>\n\t\t\t\t<section class=\"elementor-section elementor-top-section elementor-element elementor-element-423169f elementor-section-full_width elementor-section-height-min-height elementor-section-height-default elementor-section-items-middle\" data-id=\"423169f\" data-element_type=\"section\" data-e-type=\"section\">\n\t\t\t\t\t\t<div class=\"elementor-container elementor-column-gap-default\">\n\t\t\t\t\t<div class=\"elementor-column elementor-col-100 elementor-top-column elementor-element elementor-element-8745761\" data-id=\"8745761\" data-element_type=\"column\" data-e-type=\"column\">\n\t\t\t<div class=\"elementor-widget-wrap elementor-element-populated\">\n\t\t\t\t\t\t<div class=\"elementor-element elementor-element-7f70cb6 elementor-widget elementor-widget-heading\" data-id=\"7f70cb6\" data-element_type=\"widget\" data-e-type=\"widget\" data-widget_type=\"heading.default\">\n\t\t\t\t<div class=\"elementor-widget-container\">\n\t\t\t\t\t<h2 class=\"elementor-heading-title elementor-size-default\">Biuro w Madrycie<\/h2>\t\t\t\t<\/div>\n\t\t\t\t<\/div>\n\t\t\t\t<div class=\"elementor-element elementor-element-5e94208 elementor-widget elementor-widget-saasland_map\" data-id=\"5e94208\" data-element_type=\"widget\" data-e-type=\"widget\" data-widget_type=\"saasland_map.default\">\n\t\t\t\t<div class=\"elementor-widget-container\">\n\t\t\t\t\t        <section class=\"map_area\">\r\n            <iframe src=\"https:\/\/www.google.com\/maps\/embed?pb=!1m18!1m12!1m3!1d3036.7671033318047!2d-3.707514784603493!3d40.43615567936287!2m3!1f0!2f0!3f0!3m2!1i1024!2i768!4f13.1!3m3!1m2!1s0xd42285f025ae50d%3A0xa92c0c613b275ebf!2sC%2F%20de%20Donoso%20Cort%C3%A9s%2C%208%2C%2028015%20Madrid!5e0!3m2!1sen!2ses!4v1605603357194!5m2!1sen!2ses\" width=\"600\" height=\"450\" frameborder=\"0\" style=\"border:0;\" allowfullscreen=\"\" aria-hidden=\"false\" tabindex=\"0\"><\/iframe>            <div class=\"app_contact_info\">\r\n                <span class=\"triangle\"><\/span>\r\n                                        <div class=\"info_item elementor-repeater-item-1a87a74\">\r\n                            <i class=\"ti-location-pin\"><\/i>\r\n                                                            <h6 class=\"f_p f_size_15 f_500\"> Adres: <\/h6>\r\n                                                                                        <p class=\"f_p f_size_15 f_300\"> Calle de Donoso Cort\u00e9s 8, 1\u00baD<br \/>\n28015, Madrid <\/p>\r\n                                                    <\/div>\r\n                                                <div class=\"info_item elementor-repeater-item-8082af2\">\r\n                            <i class=\"ti-mobile\"><\/i>\r\n                                                            <h6 class=\"f_p f_size_15 f_500\"> Telefon: <\/h6>\r\n                                                                                        <p class=\"f_p f_size_15 f_300\"> +33 970 449 088 <\/p>\r\n                                                    <\/div>\r\n                                                <div class=\"info_item elementor-repeater-item-8498d9f\">\r\n                            <i class=\"ti-email\"><\/i>\r\n                                                            <h6 class=\"f_p f_size_15 f_500\"> Email: <\/h6>\r\n                                                                                        <p class=\"f_p f_size_15 f_300\"> info@collaborativeperks.com <\/p>\r\n                                                    <\/div>\r\n                                    <\/div>\r\n        <\/section>\r\n        \t\t\t\t<\/div>\n\t\t\t\t<\/div>\n\t\t\t\t\t<\/div>\n\t\t<\/div>\n\t\t\t\t\t<\/div>\n\t\t<\/section>\n\t\t\t\t<\/div>\n\t\t","protected":false},"excerpt":{"rendered":"<p>Podziel si\u0119 z nami swoimi spostrze\u017ceniami i komentarzami Informacje kontaktowe Telefon:(+33) 970 44 90 88 (EN &amp; FR)(+34) 91 23 22 666 (ES)\u00a0(+1) 917 512 4137 (EN) Email: info@collaborativeperks.com Biuro we Francji 14, rue Ernest Psichari 75007 Paris, France Biuro w Madrycie Adres: Calle de Donoso Cort\u00e9s 8, 1\u00baD 28015, Madrid Telefon: +33 970 449&#8230;<\/p>\n","protected":false},"author":7,"featured_media":0,"parent":0,"menu_order":0,"comment_status":"closed","ping_status":"closed","template":"elementor_header_footer","meta":{"footnotes":""},"class_list":["post-31620","page","type-page","status-publish","hentry","no-post-thumbnail"],"acf":[],"yoast_head":"<!-- This site is optimized with the Yoast SEO plugin v27.4 - https:\/\/yoast.com\/product\/yoast-seo-wordpress\/ -->\n<title>Kontakt - Collaborative Perks<\/title>\n<meta name=\"robots\" content=\"index, follow, max-snippet:-1, max-image-preview:large, max-video-preview:-1\" \/>\n<link rel=\"canonical\" href=\"https:\/\/www.collaborativeperks.com\/pl\/kontakt\/\" \/>\n<meta property=\"og:locale\" content=\"pl_PL\" \/>\n<meta property=\"og:type\" content=\"article\" \/>\n<meta property=\"og:title\" content=\"Kontakt - Collaborative Perks\" \/>\n<meta property=\"og:description\" content=\"Podziel si\u0119 z nami swoimi spostrze\u017ceniami i komentarzami Informacje kontaktowe Telefon:(+33) 970 44 90 88 (EN &amp; FR)(+34) 91 23 22 666 (ES)\u00a0(+1) 917 512 4137 (EN) Email: info@collaborativeperks.com Biuro we Francji 14, rue Ernest Psichari 75007 Paris, France Biuro w Madrycie Adres: Calle de Donoso Cort\u00e9s 8, 1\u00baD 28015, Madrid Telefon: +33 970 449...\" \/>\n<meta property=\"og:url\" content=\"https:\/\/www.collaborativeperks.com\/pl\/kontakt\/\" \/>\n<meta property=\"og:site_name\" content=\"Collaborative Perks\" \/>\n<meta property=\"article:publisher\" content=\"https:\/\/facebook.com\/collabperks\" \/>\n<meta property=\"article:modified_time\" content=\"2021-07-08T07:09:54+00:00\" \/>\n<meta name=\"twitter:card\" content=\"summary_large_image\" \/>\n<meta name=\"twitter:site\" content=\"@CollabPerks\" \/>\n<meta name=\"twitter:label1\" content=\"Szacowany czas czytania\" \/>\n\t<meta name=\"twitter:data1\" content=\"1 minuta\" \/>\n<script type=\"application\/ld+json\" class=\"yoast-schema-graph\">{\"@context\":\"https:\\\/\\\/schema.org\",\"@graph\":[{\"@type\":\"WebPage\",\"@id\":\"https:\\\/\\\/www.collaborativeperks.com\\\/pl\\\/kontakt\\\/\",\"url\":\"https:\\\/\\\/www.collaborativeperks.com\\\/pl\\\/kontakt\\\/\",\"name\":\"Kontakt - Collaborative Perks\",\"isPartOf\":{\"@id\":\"https:\\\/\\\/www.collaborativeperks.com\\\/#website\"},\"datePublished\":\"2021-02-05T11:48:20+00:00\",\"dateModified\":\"2021-07-08T07:09:54+00:00\",\"breadcrumb\":{\"@id\":\"https:\\\/\\\/www.collaborativeperks.com\\\/pl\\\/kontakt\\\/#breadcrumb\"},\"inLanguage\":\"pl-PL\",\"potentialAction\":[{\"@type\":\"ReadAction\",\"target\":[\"https:\\\/\\\/www.collaborativeperks.com\\\/pl\\\/kontakt\\\/\"]}]},{\"@type\":\"BreadcrumbList\",\"@id\":\"https:\\\/\\\/www.collaborativeperks.com\\\/pl\\\/kontakt\\\/#breadcrumb\",\"itemListElement\":[{\"@type\":\"ListItem\",\"position\":1,\"name\":\"Home\",\"item\":\"https:\\\/\\\/www.collaborativeperks.com\\\/es\\\/\"},{\"@type\":\"ListItem\",\"position\":2,\"name\":\"Kontakt\"}]},{\"@type\":\"WebSite\",\"@id\":\"https:\\\/\\\/www.collaborativeperks.com\\\/#website\",\"url\":\"https:\\\/\\\/www.collaborativeperks.com\\\/\",\"name\":\"Collaborative Perks\",\"description\":\"Innovative employee benefits\",\"publisher\":{\"@id\":\"https:\\\/\\\/www.collaborativeperks.com\\\/#organization\"},\"potentialAction\":[{\"@type\":\"SearchAction\",\"target\":{\"@type\":\"EntryPoint\",\"urlTemplate\":\"https:\\\/\\\/www.collaborativeperks.com\\\/?s={search_term_string}\"},\"query-input\":{\"@type\":\"PropertyValueSpecification\",\"valueRequired\":true,\"valueName\":\"search_term_string\"}}],\"inLanguage\":\"pl-PL\"},{\"@type\":\"Organization\",\"@id\":\"https:\\\/\\\/www.collaborativeperks.com\\\/#organization\",\"name\":\"Collaborative Perks\",\"url\":\"https:\\\/\\\/www.collaborativeperks.com\\\/\",\"logo\":{\"@type\":\"ImageObject\",\"inLanguage\":\"pl-PL\",\"@id\":\"https:\\\/\\\/www.collaborativeperks.com\\\/#\\\/schema\\\/logo\\\/image\\\/\",\"url\":\"\",\"contentUrl\":\"\",\"caption\":\"Collaborative Perks\"},\"image\":{\"@id\":\"https:\\\/\\\/www.collaborativeperks.com\\\/#\\\/schema\\\/logo\\\/image\\\/\"},\"sameAs\":[\"https:\\\/\\\/facebook.com\\\/collabperks\",\"https:\\\/\\\/x.com\\\/CollabPerks\",\"https:\\\/\\\/www.instagram.com\\\/collaborativeperks\\\/\",\"https:\\\/\\\/www.linkedin.com\\\/company\\\/collaborativeperks\\\/\"]}]}<\/script>\n<!-- \/ Yoast SEO plugin. -->","yoast_head_json":{"title":"Kontakt - Collaborative Perks","robots":{"index":"index","follow":"follow","max-snippet":"max-snippet:-1","max-image-preview":"max-image-preview:large","max-video-preview":"max-video-preview:-1"},"canonical":"https:\/\/www.collaborativeperks.com\/pl\/kontakt\/","og_locale":"pl_PL","og_type":"article","og_title":"Kontakt - Collaborative Perks","og_description":"Podziel si\u0119 z nami swoimi spostrze\u017ceniami i komentarzami Informacje kontaktowe Telefon:(+33) 970 44 90 88 (EN &amp; FR)(+34) 91 23 22 666 (ES)\u00a0(+1) 917 512 4137 (EN) Email: info@collaborativeperks.com Biuro we Francji 14, rue Ernest Psichari 75007 Paris, France Biuro w Madrycie Adres: Calle de Donoso Cort\u00e9s 8, 1\u00baD 28015, Madrid Telefon: +33 970 449...","og_url":"https:\/\/www.collaborativeperks.com\/pl\/kontakt\/","og_site_name":"Collaborative Perks","article_publisher":"https:\/\/facebook.com\/collabperks","article_modified_time":"2021-07-08T07:09:54+00:00","twitter_card":"summary_large_image","twitter_site":"@CollabPerks","twitter_misc":{"Szacowany czas czytania":"1 minuta"},"schema":{"@context":"https:\/\/schema.org","@graph":[{"@type":"WebPage","@id":"https:\/\/www.collaborativeperks.com\/pl\/kontakt\/","url":"https:\/\/www.collaborativeperks.com\/pl\/kontakt\/","name":"Kontakt - Collaborative Perks","isPartOf":{"@id":"https:\/\/www.collaborativeperks.com\/#website"},"datePublished":"2021-02-05T11:48:20+00:00","dateModified":"2021-07-08T07:09:54+00:00","breadcrumb":{"@id":"https:\/\/www.collaborativeperks.com\/pl\/kontakt\/#breadcrumb"},"inLanguage":"pl-PL","potentialAction":[{"@type":"ReadAction","target":["https:\/\/www.collaborativeperks.com\/pl\/kontakt\/"]}]},{"@type":"BreadcrumbList","@id":"https:\/\/www.collaborativeperks.com\/pl\/kontakt\/#breadcrumb","itemListElement":[{"@type":"ListItem","position":1,"name":"Home","item":"https:\/\/www.collaborativeperks.com\/es\/"},{"@type":"ListItem","position":2,"name":"Kontakt"}]},{"@type":"WebSite","@id":"https:\/\/www.collaborativeperks.com\/#website","url":"https:\/\/www.collaborativeperks.com\/","name":"Collaborative Perks","description":"Innovative employee benefits","publisher":{"@id":"https:\/\/www.collaborativeperks.com\/#organization"},"potentialAction":[{"@type":"SearchAction","target":{"@type":"EntryPoint","urlTemplate":"https:\/\/www.collaborativeperks.com\/?s={search_term_string}"},"query-input":{"@type":"PropertyValueSpecification","valueRequired":true,"valueName":"search_term_string"}}],"inLanguage":"pl-PL"},{"@type":"Organization","@id":"https:\/\/www.collaborativeperks.com\/#organization","name":"Collaborative Perks","url":"https:\/\/www.collaborativeperks.com\/","logo":{"@type":"ImageObject","inLanguage":"pl-PL","@id":"https:\/\/www.collaborativeperks.com\/#\/schema\/logo\/image\/","url":"","contentUrl":"","caption":"Collaborative Perks"},"image":{"@id":"https:\/\/www.collaborativeperks.com\/#\/schema\/logo\/image\/"},"sameAs":["https:\/\/facebook.com\/collabperks","https:\/\/x.com\/CollabPerks","https:\/\/www.instagram.com\/collaborativeperks\/","https:\/\/www.linkedin.com\/company\/collaborativeperks\/"]}]}},"_links":{"self":[{"href":"https:\/\/www.collaborativeperks.com\/pl\/wp-json\/wp\/v2\/pages\/31620","targetHints":{"allow":["GET"]}}],"collection":[{"href":"https:\/\/www.collaborativeperks.com\/pl\/wp-json\/wp\/v2\/pages"}],"about":[{"href":"https:\/\/www.collaborativeperks.com\/pl\/wp-json\/wp\/v2\/types\/page"}],"author":[{"embeddable":true,"href":"https:\/\/www.collaborativeperks.com\/pl\/wp-json\/wp\/v2\/users\/7"}],"replies":[{"embeddable":true,"href":"https:\/\/www.collaborativeperks.com\/pl\/wp-json\/wp\/v2\/comments?post=31620"}],"version-history":[{"count":0,"href":"https:\/\/www.collaborativeperks.com\/pl\/wp-json\/wp\/v2\/pages\/31620\/revisions"}],"wp:attachment":[{"href":"https:\/\/www.collaborativeperks.com\/pl\/wp-json\/wp\/v2\/media?parent=31620"}],"curies":[{"name":"wp","href":"https:\/\/api.w.org\/{rel}","templated":true}]}}