{"id":31661,"date":"2021-02-05T13:28:22","date_gmt":"2021-02-05T12:28:22","guid":{"rendered":"https:\/\/www.collaborativeperks.com\/?page_id=31661"},"modified":"2021-02-05T13:30:20","modified_gmt":"2021-02-05T12:30:20","slug":"oferty-pracy","status":"publish","type":"page","link":"https:\/\/www.collaborativeperks.com\/pl\/oferty-pracy\/","title":{"rendered":"Oferty Pracy"},"content":{"rendered":"\t\t<div data-elementor-type=\"wp-post\" data-elementor-id=\"31661\" class=\"elementor elementor-31661 elementor-1434\">\n\t\t\t\t\t\t<section class=\"elementor-section elementor-top-section elementor-element elementor-element-85a37ff elementor-section-boxed elementor-section-height-default elementor-section-height-default\" data-id=\"85a37ff\" data-element_type=\"section\" data-e-type=\"section\">\n\t\t\t\t\t\t<div class=\"elementor-container elementor-column-gap-extended\">\n\t\t\t\t\t<div class=\"elementor-column elementor-col-50 elementor-top-column elementor-element elementor-element-dd3d8f6\" data-id=\"dd3d8f6\" data-element_type=\"column\" data-e-type=\"column\">\n\t\t\t<div class=\"elementor-widget-wrap elementor-element-populated\">\n\t\t\t\t\t\t<div class=\"elementor-element elementor-element-306b525 elementor-widget elementor-widget-heading\" data-id=\"306b525\" data-element_type=\"widget\" data-e-type=\"widget\" data-widget_type=\"heading.default\">\n\t\t\t\t<div class=\"elementor-widget-container\">\n\t\t\t\t\t<h2 class=\"elementor-heading-title elementor-size-default\">Do\u0142\u0105cz do Collaborative Perks!<\/h2>\t\t\t\t<\/div>\n\t\t\t\t<\/div>\n\t\t\t\t<div class=\"elementor-element elementor-element-bd57dc9 elementor-widget elementor-widget-text-editor\" data-id=\"bd57dc9\" data-element_type=\"widget\" data-e-type=\"widget\" data-widget_type=\"text-editor.default\">\n\t\t\t\t<div class=\"elementor-widget-container\">\n\t\t\t\t\t\t\t\t\t<p><span data-sheets-value=\"{&quot;1&quot;:2,&quot;2&quot;:&quot;Nieustannie szukamy nowych talent\u00f3w. Czy jeste\u015b zdolny do pracy w dynamicznym zespole? Czy poradzisz sobie z odpowiedzialno\u015bci\u0105? Czy jeste\u015b gotowy, aby d\u0105\u017cy\u0107 do doskona\u0142o\u015bci? Je\u015bli twoja odpowied\u017a na wszystkie te pytania brzmi tak, tak i tak. W takim razie zapraszamy Ci\u0119 do aplikowania i do\u0142\u0105czania do rodziny Collaborative Perks\\r\\n&quot;}\" data-sheets-userformat=\"{&quot;2&quot;:15233,&quot;3&quot;:{&quot;1&quot;:0},&quot;10&quot;:0,&quot;11&quot;:4,&quot;12&quot;:0,&quot;14&quot;:[null,2,0],&quot;15&quot;:&quot;Helvetica&quot;,&quot;16&quot;:10}\">Nieustannie szukamy nowych talent\u00f3w. Czy jeste\u015b zdolny do pracy w dynamicznym zespole? Czy poradzisz sobie z odpowiedzialno\u015bci\u0105? Czy jeste\u015b gotowy, aby d\u0105\u017cy\u0107 do doskona\u0142o\u015bci? Je\u015bli twoja odpowied\u017a na wszystkie te pytania brzmi tak, tak i tak. W takim razie zapraszamy Ci\u0119 do aplikowania i do\u0142\u0105czania do rodziny Collaborative Perks<\/span>.<\/p><p><span data-sheets-value=\"{&quot;1&quot;:2,&quot;2&quot;:&quot;Praca w Collaborative Perks oznacza prac\u0119 w szybko zmieniaj\u0105cym si\u0119 \u015brodowisku. Nasz zesp\u00f3\u0142 jest mi\u0119dzynarodowy, m\u0142ody i ambitny, zawsze gotowy na nowe wyzwania!&quot;}\" data-sheets-userformat=\"{&quot;2&quot;:15299,&quot;3&quot;:{&quot;1&quot;:0},&quot;4&quot;:[null,2,16316922],&quot;9&quot;:0,&quot;10&quot;:0,&quot;11&quot;:4,&quot;12&quot;:0,&quot;14&quot;:[null,2,2105636],&quot;15&quot;:&quot;Arial&quot;,&quot;16&quot;:10}\">Praca w Collaborative Perks oznacza prac\u0119 w szybko zmieniaj\u0105cym si\u0119 \u015brodowisku. Nasz zesp\u00f3\u0142 jest mi\u0119dzynarodowy, m\u0142ody i ambitny, zawsze gotowy na nowe wyzwania!<\/span><\/p>\t\t\t\t\t\t\t\t<\/div>\n\t\t\t\t<\/div>\n\t\t\t\t\t<\/div>\n\t\t<\/div>\n\t\t\t\t<div class=\"elementor-column elementor-col-50 elementor-top-column elementor-element elementor-element-c583b73\" data-id=\"c583b73\" data-element_type=\"column\" data-e-type=\"column\">\n\t\t\t<div class=\"elementor-widget-wrap\">\n\t\t\t\t\t\t\t<\/div>\n\t\t<\/div>\n\t\t\t\t\t<\/div>\n\t\t<\/section>\n\t\t\t\t<section class=\"elementor-section elementor-top-section elementor-element elementor-element-f331b1c elementor-section-boxed elementor-section-height-default elementor-section-height-default\" data-id=\"f331b1c\" data-element_type=\"section\" data-e-type=\"section\">\n\t\t\t\t\t\t<div class=\"elementor-container elementor-column-gap-default\">\n\t\t\t\t\t<div class=\"elementor-column elementor-col-100 elementor-top-column elementor-element elementor-element-fea1349\" data-id=\"fea1349\" data-element_type=\"column\" data-e-type=\"column\">\n\t\t\t<div class=\"elementor-widget-wrap elementor-element-populated\">\n\t\t\t\t\t\t<div class=\"elementor-element elementor-element-fdb2fbe elementor-widget elementor-widget-saasland_jobs\" data-id=\"fdb2fbe\" data-element_type=\"widget\" data-e-type=\"widget\" data-widget_type=\"saasland_jobs.default\">\n\t\t\t\t<div class=\"elementor-widget-container\">\n\t\t\t\t\t\r\n        <div class=\"job_listing\">\r\n                            <h3 class=\"f_p f_size_24 l_height28 f_500 t_color3 mb-30\"> Aktualne oferty pracy <\/h3>\r\n                        <div id=\"job_filter\" class=\"job_list_tab\">\r\n                <div data-filter=\"*\" class=\"list_item_tab active\"> Wszystkie <\/div>\r\n                            <\/div>\r\n            <div class=\"listing_tab\" id=\"tab_filter\">\r\n                            <\/div>\r\n\r\n            \r\n        <\/div>\r\n        \t\t\t\t<\/div>\n\t\t\t\t<\/div>\n\t\t\t\t\t<\/div>\n\t\t<\/div>\n\t\t\t\t\t<\/div>\n\t\t<\/section>\n\t\t\t\t<\/div>\n\t\t","protected":false},"excerpt":{"rendered":"<p>Do\u0142\u0105cz do Collaborative Perks! Nieustannie szukamy nowych talent\u00f3w. Czy jeste\u015b zdolny do pracy w dynamicznym zespole? Czy poradzisz sobie z odpowiedzialno\u015bci\u0105? Czy jeste\u015b gotowy, aby d\u0105\u017cy\u0107 do doskona\u0142o\u015bci? Je\u015bli twoja odpowied\u017a na wszystkie te pytania brzmi tak, tak i tak. W takim razie zapraszamy Ci\u0119 do aplikowania i do\u0142\u0105czania do rodziny Collaborative Perks. Praca w&#8230;<\/p>\n","protected":false},"author":7,"featured_media":0,"parent":0,"menu_order":0,"comment_status":"closed","ping_status":"closed","template":"elementor_header_footer","meta":{"footnotes":""},"class_list":["post-31661","page","type-page","status-publish","hentry","no-post-thumbnail"],"acf":[],"yoast_head":"<!-- This site is optimized with the Yoast SEO plugin v27.5 - https:\/\/yoast.com\/product\/yoast-seo-wordpress\/ -->\n<title>Oferty Pracy - Collaborative Perks<\/title>\n<meta name=\"robots\" content=\"index, follow, max-snippet:-1, max-image-preview:large, max-video-preview:-1\" \/>\n<link rel=\"canonical\" href=\"https:\/\/www.collaborativeperks.com\/pl\/oferty-pracy\/\" \/>\n<meta property=\"og:locale\" content=\"pl_PL\" \/>\n<meta property=\"og:type\" content=\"article\" \/>\n<meta property=\"og:title\" content=\"Oferty Pracy - Collaborative Perks\" \/>\n<meta property=\"og:description\" content=\"Do\u0142\u0105cz do Collaborative Perks! Nieustannie szukamy nowych talent\u00f3w. Czy jeste\u015b zdolny do pracy w dynamicznym zespole? Czy poradzisz sobie z odpowiedzialno\u015bci\u0105? Czy jeste\u015b gotowy, aby d\u0105\u017cy\u0107 do doskona\u0142o\u015bci? Je\u015bli twoja odpowied\u017a na wszystkie te pytania brzmi tak, tak i tak. W takim razie zapraszamy Ci\u0119 do aplikowania i do\u0142\u0105czania do rodziny Collaborative Perks. Praca w...\" \/>\n<meta property=\"og:url\" content=\"https:\/\/www.collaborativeperks.com\/pl\/oferty-pracy\/\" \/>\n<meta property=\"og:site_name\" content=\"Collaborative Perks\" \/>\n<meta property=\"article:publisher\" content=\"https:\/\/facebook.com\/collabperks\" \/>\n<meta property=\"article:modified_time\" content=\"2021-02-05T12:30:20+00:00\" \/>\n<meta name=\"twitter:card\" content=\"summary_large_image\" \/>\n<meta name=\"twitter:site\" content=\"@CollabPerks\" \/>\n<meta name=\"twitter:label1\" content=\"Szacowany czas czytania\" \/>\n\t<meta name=\"twitter:data1\" content=\"1 minuta\" \/>\n<script type=\"application\/ld+json\" class=\"yoast-schema-graph\">{\"@context\":\"https:\\\/\\\/schema.org\",\"@graph\":[{\"@type\":\"WebPage\",\"@id\":\"https:\\\/\\\/www.collaborativeperks.com\\\/pl\\\/oferty-pracy\\\/\",\"url\":\"https:\\\/\\\/www.collaborativeperks.com\\\/pl\\\/oferty-pracy\\\/\",\"name\":\"Oferty Pracy - Collaborative Perks\",\"isPartOf\":{\"@id\":\"https:\\\/\\\/www.collaborativeperks.com\\\/#website\"},\"datePublished\":\"2021-02-05T12:28:22+00:00\",\"dateModified\":\"2021-02-05T12:30:20+00:00\",\"breadcrumb\":{\"@id\":\"https:\\\/\\\/www.collaborativeperks.com\\\/pl\\\/oferty-pracy\\\/#breadcrumb\"},\"inLanguage\":\"pl-PL\",\"potentialAction\":[{\"@type\":\"ReadAction\",\"target\":[\"https:\\\/\\\/www.collaborativeperks.com\\\/pl\\\/oferty-pracy\\\/\"]}]},{\"@type\":\"BreadcrumbList\",\"@id\":\"https:\\\/\\\/www.collaborativeperks.com\\\/pl\\\/oferty-pracy\\\/#breadcrumb\",\"itemListElement\":[{\"@type\":\"ListItem\",\"position\":1,\"name\":\"Home\",\"item\":\"https:\\\/\\\/www.collaborativeperks.com\\\/es\\\/\"},{\"@type\":\"ListItem\",\"position\":2,\"name\":\"Oferty Pracy\"}]},{\"@type\":\"WebSite\",\"@id\":\"https:\\\/\\\/www.collaborativeperks.com\\\/#website\",\"url\":\"https:\\\/\\\/www.collaborativeperks.com\\\/\",\"name\":\"Collaborative Perks\",\"description\":\"Innovative employee benefits\",\"publisher\":{\"@id\":\"https:\\\/\\\/www.collaborativeperks.com\\\/#organization\"},\"potentialAction\":[{\"@type\":\"SearchAction\",\"target\":{\"@type\":\"EntryPoint\",\"urlTemplate\":\"https:\\\/\\\/www.collaborativeperks.com\\\/?s={search_term_string}\"},\"query-input\":{\"@type\":\"PropertyValueSpecification\",\"valueRequired\":true,\"valueName\":\"search_term_string\"}}],\"inLanguage\":\"pl-PL\"},{\"@type\":\"Organization\",\"@id\":\"https:\\\/\\\/www.collaborativeperks.com\\\/#organization\",\"name\":\"Collaborative Perks\",\"url\":\"https:\\\/\\\/www.collaborativeperks.com\\\/\",\"logo\":{\"@type\":\"ImageObject\",\"inLanguage\":\"pl-PL\",\"@id\":\"https:\\\/\\\/www.collaborativeperks.com\\\/#\\\/schema\\\/logo\\\/image\\\/\",\"url\":\"\",\"contentUrl\":\"\",\"caption\":\"Collaborative Perks\"},\"image\":{\"@id\":\"https:\\\/\\\/www.collaborativeperks.com\\\/#\\\/schema\\\/logo\\\/image\\\/\"},\"sameAs\":[\"https:\\\/\\\/facebook.com\\\/collabperks\",\"https:\\\/\\\/x.com\\\/CollabPerks\",\"https:\\\/\\\/www.instagram.com\\\/collaborativeperks\\\/\",\"https:\\\/\\\/www.linkedin.com\\\/company\\\/collaborativeperks\\\/\"]}]}<\/script>\n<!-- \/ Yoast SEO plugin. -->","yoast_head_json":{"title":"Oferty Pracy - Collaborative Perks","robots":{"index":"index","follow":"follow","max-snippet":"max-snippet:-1","max-image-preview":"max-image-preview:large","max-video-preview":"max-video-preview:-1"},"canonical":"https:\/\/www.collaborativeperks.com\/pl\/oferty-pracy\/","og_locale":"pl_PL","og_type":"article","og_title":"Oferty Pracy - Collaborative Perks","og_description":"Do\u0142\u0105cz do Collaborative Perks! Nieustannie szukamy nowych talent\u00f3w. Czy jeste\u015b zdolny do pracy w dynamicznym zespole? Czy poradzisz sobie z odpowiedzialno\u015bci\u0105? Czy jeste\u015b gotowy, aby d\u0105\u017cy\u0107 do doskona\u0142o\u015bci? Je\u015bli twoja odpowied\u017a na wszystkie te pytania brzmi tak, tak i tak. W takim razie zapraszamy Ci\u0119 do aplikowania i do\u0142\u0105czania do rodziny Collaborative Perks. Praca w...","og_url":"https:\/\/www.collaborativeperks.com\/pl\/oferty-pracy\/","og_site_name":"Collaborative Perks","article_publisher":"https:\/\/facebook.com\/collabperks","article_modified_time":"2021-02-05T12:30:20+00:00","twitter_card":"summary_large_image","twitter_site":"@CollabPerks","twitter_misc":{"Szacowany czas czytania":"1 minuta"},"schema":{"@context":"https:\/\/schema.org","@graph":[{"@type":"WebPage","@id":"https:\/\/www.collaborativeperks.com\/pl\/oferty-pracy\/","url":"https:\/\/www.collaborativeperks.com\/pl\/oferty-pracy\/","name":"Oferty Pracy - Collaborative Perks","isPartOf":{"@id":"https:\/\/www.collaborativeperks.com\/#website"},"datePublished":"2021-02-05T12:28:22+00:00","dateModified":"2021-02-05T12:30:20+00:00","breadcrumb":{"@id":"https:\/\/www.collaborativeperks.com\/pl\/oferty-pracy\/#breadcrumb"},"inLanguage":"pl-PL","potentialAction":[{"@type":"ReadAction","target":["https:\/\/www.collaborativeperks.com\/pl\/oferty-pracy\/"]}]},{"@type":"BreadcrumbList","@id":"https:\/\/www.collaborativeperks.com\/pl\/oferty-pracy\/#breadcrumb","itemListElement":[{"@type":"ListItem","position":1,"name":"Home","item":"https:\/\/www.collaborativeperks.com\/es\/"},{"@type":"ListItem","position":2,"name":"Oferty Pracy"}]},{"@type":"WebSite","@id":"https:\/\/www.collaborativeperks.com\/#website","url":"https:\/\/www.collaborativeperks.com\/","name":"Collaborative Perks","description":"Innovative employee benefits","publisher":{"@id":"https:\/\/www.collaborativeperks.com\/#organization"},"potentialAction":[{"@type":"SearchAction","target":{"@type":"EntryPoint","urlTemplate":"https:\/\/www.collaborativeperks.com\/?s={search_term_string}"},"query-input":{"@type":"PropertyValueSpecification","valueRequired":true,"valueName":"search_term_string"}}],"inLanguage":"pl-PL"},{"@type":"Organization","@id":"https:\/\/www.collaborativeperks.com\/#organization","name":"Collaborative Perks","url":"https:\/\/www.collaborativeperks.com\/","logo":{"@type":"ImageObject","inLanguage":"pl-PL","@id":"https:\/\/www.collaborativeperks.com\/#\/schema\/logo\/image\/","url":"","contentUrl":"","caption":"Collaborative Perks"},"image":{"@id":"https:\/\/www.collaborativeperks.com\/#\/schema\/logo\/image\/"},"sameAs":["https:\/\/facebook.com\/collabperks","https:\/\/x.com\/CollabPerks","https:\/\/www.instagram.com\/collaborativeperks\/","https:\/\/www.linkedin.com\/company\/collaborativeperks\/"]}]}},"_links":{"self":[{"href":"https:\/\/www.collaborativeperks.com\/pl\/wp-json\/wp\/v2\/pages\/31661","targetHints":{"allow":["GET"]}}],"collection":[{"href":"https:\/\/www.collaborativeperks.com\/pl\/wp-json\/wp\/v2\/pages"}],"about":[{"href":"https:\/\/www.collaborativeperks.com\/pl\/wp-json\/wp\/v2\/types\/page"}],"author":[{"embeddable":true,"href":"https:\/\/www.collaborativeperks.com\/pl\/wp-json\/wp\/v2\/users\/7"}],"replies":[{"embeddable":true,"href":"https:\/\/www.collaborativeperks.com\/pl\/wp-json\/wp\/v2\/comments?post=31661"}],"version-history":[{"count":0,"href":"https:\/\/www.collaborativeperks.com\/pl\/wp-json\/wp\/v2\/pages\/31661\/revisions"}],"wp:attachment":[{"href":"https:\/\/www.collaborativeperks.com\/pl\/wp-json\/wp\/v2\/media?parent=31661"}],"curies":[{"name":"wp","href":"https:\/\/api.w.org\/{rel}","templated":true}]}}